{"id":110772,"date":"2022-05-26T12:15:32","date_gmt":"2022-05-26T12:15:32","guid":{"rendered":"https:\/\/dev.mv-digital-consulting.com\/?page_id=110772"},"modified":"2023-06-23T12:19:12","modified_gmt":"2023-06-23T12:19:12","slug":"actualites","status":"publish","type":"page","link":"https:\/\/mv-digital-consulting.com\/en\/actualites\/","title":{"rendered":"Actualit\u00e9s"},"content":{"rendered":"<div class=\"wpb-content-wrapper\"><div data-parent=\"true\" class=\"vc_row has-bg need-focus style-accent-bg row-container\" id=\"row-unique-0\"><div class=\"row-background background-element\">\n\t\t\t\t\t\t\t\t\t\t\t<div class=\"background-wrapper\">\n\t\t\t\t\t\t\t\t\t\t\t\t<div class=\"background-inner\" style=\"background-image: url(https:\/\/mv-digital-consulting.com\/wp-content\/uploads\/2022\/05\/MVD-scaled.jpg);background-repeat: no-repeat;background-position: center center;background-attachment: scroll;background-size: cover;\"><\/div>\n\t\t\t\t\t\t\t\t\t\t\t\t<div class=\"block-bg-overlay style-color-wayh-bg\" style=\"opacity: 0.5;\"><\/div>\n\t\t\t\t\t\t\t\t\t\t\t<\/div>\n\t\t\t\t\t\t\t\t\t\t<\/div><div class=\"row unequal quad-top-padding quad-bottom-padding single-h-padding limit-width row-parent\" data-height-ratio=\"80\"><div class=\"wpb_row row-inner\"><div class=\"wpb_column pos-bottom pos-center align_left column_parent col-lg-12 single-internal-gutter\"><div class=\"uncol style-spec style-dark\"  ><div class=\"uncoltable\"><div class=\"uncell no-block-padding\" ><div class=\"uncont\" ><div class=\"vc_row row-internal row-container\"><div class=\"row row-child\"><div class=\"wpb_row row-inner\"><div class=\"wpb_column pos-top pos-center align_left column_child col-lg-9 single-internal-gutter\"><div class=\"uncol style-spec style-dark animate_when_almost_visible alpha-anim\" data-delay=\"200\"><div class=\"uncoltable\"><div class=\"uncell no-block-padding\" ><div class=\"uncont\" ><div class=\"vc_custom_heading_wrap\"><div class=\"heading-text el-text\" ><h6 class=\"h6 font-weight-200 text-uppercase\" ><span>Actualit\u00e9s<\/span><\/h6><\/div><div class=\"clear\"><\/div><\/div><div class=\"vc_custom_heading_wrap\"><div class=\"heading-text el-text single-slide animate_inner_when_almost_visible el-text-split\" ><h1 class=\"h1 font-obs\" data-style=\"normal\" data-weight=\"600\" data-font=\"Poppins\"><span class=\"heading-text-inner\"><span class=\"split-word word1\"><span class=\"split-word-flow\"><span class=\"split-word-inner\">Communiqu\u00e9s<\/span><\/span><\/span><span class=\"split-word word2\"><span class=\"split-word-flow\"><span class=\"split-word-inner split-empty-inner\"><span class=\"split-word-empty\">&nbsp;<\/span>de<\/span><\/span><\/span><span class=\"split-word word3\"><span class=\"split-word-flow\"><span class=\"split-word-inner split-empty-inner\"><span class=\"split-word-empty\">&nbsp;<\/span>Presse<\/span><\/span><\/span><span class=\"split-word word4\"><span class=\"split-word-flow\"><span class=\"split-word-inner split-empty-inner\"><span class=\"split-word-empty\">&nbsp;<\/span>&amp;<\/span><\/span><\/span><span class=\"split-word word5\"><span class=\"split-word-flow\"><span class=\"split-word-inner split-empty-inner\"><span class=\"split-word-empty\">&nbsp;<\/span>actualit\u00e9<\/span><\/span><\/span><span class=\"split-word word6\"><span class=\"split-word-flow\"><span class=\"split-word-inner split-empty-inner\"><span class=\"split-word-empty\">&nbsp;<\/span>du<\/span><\/span><\/span><span class=\"split-word word7\"><span class=\"split-word-flow\"><span class=\"split-word-inner split-empty-inner\"><span class=\"split-word-empty\">&nbsp;<\/span>Num\u00e9rique<\/span><\/span><\/span><\/span><\/h1><\/div><div class=\"clear\"><\/div><\/div><\/div><\/div><\/div><\/div><\/div><div class=\"wpb_column pos-top pos-center align_left column_child col-lg-3 single-internal-gutter\"><div class=\"uncol style-light\" ><div class=\"uncoltable\"><div class=\"uncell no-block-padding\" ><div class=\"uncont\" ><\/div><\/div><\/div><\/div><\/div><\/div><\/div><\/div><\/div><\/div><\/div><\/div><\/div><script id=\"script-row-unique-0\" data-row=\"script-row-unique-0\" type=\"text\/javascript\" class=\"vc_controls\">UNCODE.initRow(document.getElementById(\"row-unique-0\"));<\/script><\/div><\/div><\/div><div data-parent=\"true\" class=\"vc_row row-container\" id=\"row-unique-1\"><div class=\"row quad-top-padding quad-bottom-padding single-h-padding limit-width row-parent\"><div class=\"wpb_row row-inner\"><div class=\"wpb_column pos-top pos-center align_left column_parent col-lg-12 single-internal-gutter\"><div class=\"uncol style-light\"  ><div class=\"uncoltable\"><div class=\"uncell\" ><div class=\"uncont no-block-padding col-custom-width\" style=\" max-width:900px;\" ><div id=\"index-1\" class=\"isotope-system isotope-general-light grid-general-light\" >\n\t\t\t\t\t\t\t\t\t\t\t\t<div class=\"isotope-filters grid-filters menu-container has-cat-filters menu-animated double-gutter submenu-light  no-text-uppercase menu-light\">\n\t\t\t\t\t\t\t\t\t\t\t\t<div class=\"menu-horizontal limit-width menu-sub-enhanced text-left text-mobile-center filter-alignment-left\">\n\t\t\t\t\t\t\t\t\t\t\t\t\t\t\t\t\t\t\t\t\t\t\t<ul class=\"menu-smart sm no-text-uppercase menu-smart--filter-cats\" role=\"menu\">\n\t\t\t\t\t\t\t\t\t\t\t\t\t\t\t\t\t\t\t\t\t\t\t\t\t\t\t<li role=\"menuitem\" class=\"filter-show-all\">\n\t\t\t\t\t\t\t\t\t\t<span>\n\t\t\t\t\t\t\t\t\t\t\t\t\t\t\t\t\t\t\t\t\t\t\t<a href=\"#\" role=\"button\" data-filter=\"*\" class=\"active no-letterspace isotope-nav-link grid-nav-link\">\n\t\t\t\t\t\t\t\t\t\t\tShow all<\/a>\n\t\t\t\t\t\t\t\t\t\t<\/span>\n\t\t\t\t\t\t\t\t\t<\/li>\n\t\t\t\t\t\t\t\t\t\t\t\t\t\t\t\t\t\t\t\t\t\t\t\t\t\t\t\t\t\t\t\t<li role=\"menuitem\" class=\"filter-cat-148 filter-cat\"><span><a role=\"button\" href=\"#\" data-filter=\"grid-cat-148\" class=\"isotope-nav-link grid-nav-link\">Cloud<\/a><\/span><\/li>\t\t\t\t\t\t\t\t\t\t\t\t\t\t\t\t\t\t\t\t\t\t\t\t\t\t\t\t\t\t\t\t\t\t\t\t\t\t\t\t\t\t\t\t<li role=\"menuitem\" class=\"filter-cat-150 filter-cat\"><span><a role=\"button\" href=\"#\" data-filter=\"grid-cat-150\" class=\"isotope-nav-link grid-nav-link\">Cybers\u00e9curit\u00e9<\/a><\/span><\/li>\t\t\t\t\t\t\t\t\t\t\t\t\t\t\t\t\t\t\t\t\t\t\t\t\t\t\t\t\t\t\t\t\t\t\t\t\t\t\t\t\t\t\t\t<li role=\"menuitem\" class=\"filter-cat-152 filter-cat\"><span><a role=\"button\" href=\"#\" data-filter=\"grid-cat-152\" class=\"isotope-nav-link grid-nav-link\">Innovation<\/a><\/span><\/li>\t\t\t\t\t\t\t\t\t\t\t\t\t\t\t\t\t\t\t\t\t\t\t\t\t\t\t\t\t<\/ul>\n\t\t\t\t\t\t\t\n\t\t\t\t\t\t\t\n\t\t\t\t\t\t\t\n\t\t\t\t\t\t\t\t\n\t\t\t\t\t\t\t\t\n\t\t\t\t\t\t\t\t\t\t\t\t\t<\/div>\n\t\t\t\t\t\t\t\t\t\t\t<\/div>\n\n\t\t\t\t\t\t\t\t\t\t\n\t\t\t\t\t\t\t\t\t\t\t\t\t\t<div class=\"isotope-wrapper grid-wrapper double-gutter\" >\t\t\t\t\t\t\t\t\t\t\t\t<div class=\"isotope-container grid-container isotope-layout style-masonry isotope-pagination grid-pagination\" data-type=\"masonry\" data-layout=\"fitRows\" data-lg=\"800\" data-md=\"600\" data-sm=\"480\" data-vp-height=\"\">\t\t\t<div class=\"tmb atc-typography-inherit tmb-iso-w6 tmb-iso-h4 tmb-light tmb-overlay-gradient-bottom tmb-overlay-text-anim tmb-overlay-anim tmb-content-left tmb-image-anim  grid-cat-152 tmb-id-111165 tmb-img-ratio tmb-content-under tmb-media-first tmb-no-bg\" ><div class=\"t-inside no-anim\" ><div class=\"t-entry-visual\"><div class=\"t-entry-visual-tc\"><div class=\"t-entry-visual-cont\"><div class=\"dummy\" style=\"padding-top: 66.7%;\"><\/div><a role=\"button\" tabindex=\"-1\" href=\"https:\/\/mv-digital-consulting.com\/en\/support-proactif-pourquoi-il-est-vraiment-temps-dy-passer\/\" class=\"pushed\" target=\"_self\" data-lb-index=\"0\"><div class=\"t-entry-visual-overlay\"><div class=\"t-entry-visual-overlay-in style-color-wayh-bg\" style=\"opacity: 0.5;\"><\/div><\/div><img decoding=\"async\" class=\"wp-image-111166\" src=\"https:\/\/mv-digital-consulting.com\/wp-content\/uploads\/2022\/08\/Sans-titre-1-uai-630x420.jpg\" width=\"630\" height=\"420\" alt=\"\" \/><\/a><\/div>\n\t\t\t\t\t<\/div>\n\t\t\t\t<\/div><div class=\"t-entry-text\">\n\t\t\t\t\t\t\t\t\t<div class=\"t-entry-text-tc single-block-padding\"><div class=\"t-entry\"><h3 class=\"t-entry-title h3 title-scale\"><a href=\"https:\/\/mv-digital-consulting.com\/en\/support-proactif-pourquoi-il-est-vraiment-temps-dy-passer\/\" target=\"_self\">Support proactif : pourquoi il est (vraiment) temps d\u2019y passer ?<\/a><\/h3><div class=\"t-entry-excerpt\"><\/div><\/div><\/div>\n\t\t\t\t\t\t\t<\/div><\/div><\/div><div class=\"tmb atc-typography-inherit tmb-iso-w6 tmb-iso-h4 tmb-light tmb-overlay-gradient-bottom tmb-overlay-text-anim tmb-overlay-anim tmb-content-left tmb-image-anim  grid-cat-150 tmb-id-111149 tmb-img-ratio tmb-content-under tmb-media-first tmb-no-bg\" ><div class=\"t-inside no-anim\" ><div class=\"t-entry-visual\"><div class=\"t-entry-visual-tc\"><div class=\"t-entry-visual-cont\"><div class=\"dummy\" style=\"padding-top: 66.7%;\"><\/div><a role=\"button\" tabindex=\"-1\" href=\"https:\/\/mv-digital-consulting.com\/en\/securiser-lacces-aux-applications-tout-en-ameliorant-lexperience-utilisateur-la-fin-du-casse-tete-pour-les-equipes-it\/\" class=\"pushed\" target=\"_self\" data-lb-index=\"1\"><div class=\"t-entry-visual-overlay\"><div class=\"t-entry-visual-overlay-in style-color-wayh-bg\" style=\"opacity: 0.5;\"><\/div><\/div><img decoding=\"async\" class=\"wp-image-111151\" src=\"https:\/\/mv-digital-consulting.com\/wp-content\/uploads\/2022\/07\/cyberse\u0301curite\u0301-uai-625x417.jpg\" width=\"625\" height=\"417\" alt=\"\" \/><\/a><\/div>\n\t\t\t\t\t<\/div>\n\t\t\t\t<\/div><div class=\"t-entry-text\">\n\t\t\t\t\t\t\t\t\t<div class=\"t-entry-text-tc single-block-padding\"><div class=\"t-entry\"><h3 class=\"t-entry-title h3 title-scale\"><a href=\"https:\/\/mv-digital-consulting.com\/en\/securiser-lacces-aux-applications-tout-en-ameliorant-lexperience-utilisateur-la-fin-du-casse-tete-pour-les-equipes-it\/\" target=\"_self\">S\u00e9curiser l\u2019acc\u00e8s aux applications tout en am\u00e9liorant l\u2019exp\u00e9rience utilisateur : la fin du casse-t\u00eate pour les \u00e9quipes IT<\/a><\/h3><div class=\"t-entry-excerpt\"><\/div><\/div><\/div>\n\t\t\t\t\t\t\t<\/div><\/div><\/div><div class=\"tmb atc-typography-inherit tmb-iso-w6 tmb-iso-h4 tmb-light tmb-overlay-gradient-bottom tmb-overlay-text-anim tmb-overlay-anim tmb-content-left tmb-image-anim  grid-cat-148 grid-cat-152 tmb-id-111061 tmb-img-ratio tmb-content-under tmb-media-first tmb-no-bg\" ><div class=\"t-inside no-anim\" ><div class=\"t-entry-visual\"><div class=\"t-entry-visual-tc\"><div class=\"t-entry-visual-cont\"><div class=\"dummy\" style=\"padding-top: 66.7%;\"><\/div><a role=\"button\" tabindex=\"-1\" href=\"https:\/\/mv-digital-consulting.com\/en\/souverainete-numerique-quels-enjeux-pour-les-entreprises\/\" class=\"pushed\" target=\"_self\" data-lb-index=\"2\"><div class=\"t-entry-visual-overlay\"><div class=\"t-entry-visual-overlay-in style-color-wayh-bg\" style=\"opacity: 0.5;\"><\/div><\/div><img decoding=\"async\" class=\"wp-image-111062\" src=\"https:\/\/mv-digital-consulting.com\/wp-content\/uploads\/2022\/06\/1-uai-625x417.jpg\" width=\"625\" height=\"417\" alt=\"\" \/><\/a><\/div>\n\t\t\t\t\t<\/div>\n\t\t\t\t<\/div><div class=\"t-entry-text\">\n\t\t\t\t\t\t\t\t\t<div class=\"t-entry-text-tc single-block-padding\"><div class=\"t-entry\"><h3 class=\"t-entry-title h3 title-scale\"><a href=\"https:\/\/mv-digital-consulting.com\/en\/souverainete-numerique-quels-enjeux-pour-les-entreprises\/\" target=\"_self\">Souverainet\u00e9 num\u00e9rique : Quels enjeux pour les entreprises ?<\/a><\/h3><div class=\"t-entry-excerpt\"><\/div><\/div><\/div>\n\t\t\t\t\t\t\t<\/div><\/div><\/div><div class=\"tmb atc-typography-inherit tmb-iso-w6 tmb-iso-h4 tmb-light tmb-overlay-gradient-bottom tmb-overlay-text-anim tmb-overlay-anim tmb-content-left tmb-image-anim  grid-cat-148 grid-cat-150 tmb-id-110799 tmb-img-ratio tmb-content-under tmb-media-first tmb-no-bg\" ><div class=\"t-inside no-anim\" ><div class=\"t-entry-visual\"><div class=\"t-entry-visual-tc\"><div class=\"t-entry-visual-cont\"><div class=\"dummy\" style=\"padding-top: 66.7%;\"><\/div><a role=\"button\" tabindex=\"-1\" href=\"https:\/\/mv-digital-consulting.com\/en\/cyber-resilience-proteger-ses-sauvegardes\/\" class=\"pushed\" target=\"_self\" data-lb-index=\"3\"><div class=\"t-entry-visual-overlay\"><div class=\"t-entry-visual-overlay-in style-color-wayh-bg\" style=\"opacity: 0.5;\"><\/div><\/div><img decoding=\"async\" class=\"wp-image-110802\" src=\"https:\/\/mv-digital-consulting.com\/wp-content\/uploads\/2022\/05\/cyberse\u0301curite-uai-625x417.jpg\" width=\"625\" height=\"417\" alt=\"\" \/><\/a><\/div>\n\t\t\t\t\t<\/div>\n\t\t\t\t<\/div><div class=\"t-entry-text\">\n\t\t\t\t\t\t\t\t\t<div class=\"t-entry-text-tc single-block-padding\"><div class=\"t-entry\"><h3 class=\"t-entry-title h3 title-scale\"><a href=\"https:\/\/mv-digital-consulting.com\/en\/cyber-resilience-proteger-ses-sauvegardes\/\" target=\"_self\">Cyber-r\u00e9silience : prot\u00e9ger ses sauvegardes dans le cloud, l\u2019ultime rempart<\/a><\/h3><div class=\"t-entry-excerpt\"><\/div><\/div><\/div>\n\t\t\t\t\t\t\t<\/div><\/div><\/div><div class=\"tmb atc-typography-inherit tmb-iso-w6 tmb-iso-h4 tmb-light tmb-overlay-gradient-bottom tmb-overlay-text-anim tmb-overlay-anim tmb-content-left tmb-image-anim  grid-cat-148 tmb-id-110606 tmb-img-ratio tmb-content-under tmb-media-first tmb-no-bg\" ><div class=\"t-inside no-anim\" ><div class=\"t-entry-visual\"><div class=\"t-entry-visual-tc\"><div class=\"t-entry-visual-cont\"><div class=\"dummy\" style=\"padding-top: 66.7%;\"><\/div><a role=\"button\" tabindex=\"-1\" href=\"https:\/\/mv-digital-consulting.com\/en\/etendre-ses-environnements\/\" class=\"pushed\" target=\"_self\" data-lb-index=\"4\"><div class=\"t-entry-visual-overlay\"><div class=\"t-entry-visual-overlay-in style-color-wayh-bg\" style=\"opacity: 0.5;\"><\/div><\/div><img decoding=\"async\" class=\"wp-image-110780\" src=\"https:\/\/mv-digital-consulting.com\/wp-content\/uploads\/2022\/05\/cloud-1-uai-625x417.jpg\" width=\"625\" height=\"417\" alt=\"\" \/><\/a><\/div>\n\t\t\t\t\t<\/div>\n\t\t\t\t<\/div><div class=\"t-entry-text\">\n\t\t\t\t\t\t\t\t\t<div class=\"t-entry-text-tc single-block-padding\"><div class=\"t-entry\"><h3 class=\"t-entry-title h3 title-scale\"><a href=\"https:\/\/mv-digital-consulting.com\/en\/etendre-ses-environnements\/\" target=\"_self\">\u00c9tendre ses environnements de virtualisation locaux vers le cloud : pourquoi, comment ?<\/a><\/h3><div class=\"t-entry-excerpt\"><\/div><\/div><\/div>\n\t\t\t\t\t\t\t<\/div><\/div><\/div>\t\t<\/div>\t\n\t\n\n\t<\/div>\t\t\t\t<\/div>\n<\/div><\/div><\/div><\/div><\/div><script id=\"script-row-unique-1\" data-row=\"script-row-unique-1\" type=\"text\/javascript\" class=\"vc_controls\">UNCODE.initRow(document.getElementById(\"row-unique-1\"));<\/script><\/div><\/div><\/div>\n<\/div>","protected":false},"excerpt":{"rendered":"Offrant davantage de disponibilit\u00e9 et d\u2019agilit\u00e9, l\u2019hybridation permet d\u2019\u00e9tendre les environnements de virtualisation locaux vers le cloud, r\u00e9pondant ainsi aux [...]","protected":false},"author":1,"featured_media":0,"parent":0,"menu_order":0,"comment_status":"closed","ping_status":"closed","template":"","meta":{"_exactmetrics_skip_tracking":false,"_exactmetrics_sitenote_active":false,"_exactmetrics_sitenote_note":"","_exactmetrics_sitenote_category":0,"footnotes":""},"class_list":["post-110772","page","type-page","status-publish","hentry"],"yoast_head":"<!-- This site is optimized with the Yoast SEO plugin v27.3 - https:\/\/yoast.com\/product\/yoast-seo-wordpress\/ -->\n<title>Actualit\u00e9s - MV DIGITAL<\/title>\n<meta name=\"description\" content=\"Actualit\u00e9s du Num\u00e9rique et du Digital en Principaut\u00e9 de Monaco, offres d&#039;emplois et communiqu\u00e9s de presse.\" \/>\n<meta name=\"robots\" content=\"index, follow, max-snippet:-1, max-image-preview:large, max-video-preview:-1\" \/>\n<link rel=\"canonical\" href=\"https:\/\/mv-digital-consulting.com\/en\/actualites\/\" \/>\n<meta property=\"og:locale\" content=\"en_GB\" \/>\n<meta property=\"og:type\" content=\"article\" \/>\n<meta property=\"og:title\" content=\"Actualit\u00e9s - MV DIGITAL\" \/>\n<meta property=\"og:description\" content=\"Actualit\u00e9s du Num\u00e9rique et du Digital en Principaut\u00e9 de Monaco, offres d&#039;emplois et communiqu\u00e9s de presse.\" \/>\n<meta property=\"og:url\" content=\"https:\/\/mv-digital-consulting.com\/en\/actualites\/\" \/>\n<meta property=\"og:site_name\" content=\"MV DIGITAL\" \/>\n<meta property=\"article:publisher\" content=\"https:\/\/www.facebook.com\/mvdigitalconsultingmonaco\" \/>\n<meta property=\"article:modified_time\" content=\"2023-06-23T12:19:12+00:00\" \/>\n<meta property=\"og:image\" content=\"https:\/\/mv-digital-consulting.com\/wp-content\/uploads\/2022\/04\/image-placeholder-2-min.jpg\" \/>\n\t<meta property=\"og:image:width\" content=\"1920\" \/>\n\t<meta property=\"og:image:height\" content=\"1280\" \/>\n\t<meta property=\"og:image:type\" content=\"image\/jpeg\" \/>\n<meta name=\"twitter:card\" content=\"summary_large_image\" \/>\n<meta name=\"twitter:label1\" content=\"Estimated reading time\" \/>\n\t<meta name=\"twitter:data1\" content=\"1 minute\" \/>\n<script type=\"application\/ld+json\" class=\"yoast-schema-graph\">{\"@context\":\"https:\\\/\\\/schema.org\",\"@graph\":[{\"@type\":\"WebPage\",\"@id\":\"https:\\\/\\\/mv-digital-consulting.com\\\/actualites\\\/\",\"url\":\"https:\\\/\\\/mv-digital-consulting.com\\\/actualites\\\/\",\"name\":\"Actualit\u00e9s - MV DIGITAL\",\"isPartOf\":{\"@id\":\"https:\\\/\\\/mv-digital-consulting.com\\\/#website\"},\"datePublished\":\"2022-05-26T12:15:32+00:00\",\"dateModified\":\"2023-06-23T12:19:12+00:00\",\"description\":\"Actualit\u00e9s du Num\u00e9rique et du Digital en Principaut\u00e9 de Monaco, offres d'emplois et communiqu\u00e9s de presse.\",\"breadcrumb\":{\"@id\":\"https:\\\/\\\/mv-digital-consulting.com\\\/actualites\\\/#breadcrumb\"},\"inLanguage\":\"en-GB\",\"potentialAction\":[{\"@type\":\"ReadAction\",\"target\":[\"https:\\\/\\\/mv-digital-consulting.com\\\/actualites\\\/\"]}]},{\"@type\":\"BreadcrumbList\",\"@id\":\"https:\\\/\\\/mv-digital-consulting.com\\\/actualites\\\/#breadcrumb\",\"itemListElement\":[{\"@type\":\"ListItem\",\"position\":1,\"name\":\"Accueil\",\"item\":\"https:\\\/\\\/mv-digital-consulting.com\\\/\"},{\"@type\":\"ListItem\",\"position\":2,\"name\":\"Actualit\u00e9s\"}]},{\"@type\":\"WebSite\",\"@id\":\"https:\\\/\\\/mv-digital-consulting.com\\\/#website\",\"url\":\"https:\\\/\\\/mv-digital-consulting.com\\\/\",\"name\":\"MV DIGITAL\",\"description\":\"Expert du Num\u00e9rique \u00e0 Monaco | ESN\",\"publisher\":{\"@id\":\"https:\\\/\\\/mv-digital-consulting.com\\\/#organization\"},\"potentialAction\":[{\"@type\":\"SearchAction\",\"target\":{\"@type\":\"EntryPoint\",\"urlTemplate\":\"https:\\\/\\\/mv-digital-consulting.com\\\/?s={search_term_string}\"},\"query-input\":{\"@type\":\"PropertyValueSpecification\",\"valueRequired\":true,\"valueName\":\"search_term_string\"}}],\"inLanguage\":\"en-GB\"},{\"@type\":\"Organization\",\"@id\":\"https:\\\/\\\/mv-digital-consulting.com\\\/#organization\",\"name\":\"SARL MV DIGITAL\",\"url\":\"https:\\\/\\\/mv-digital-consulting.com\\\/\",\"logo\":{\"@type\":\"ImageObject\",\"inLanguage\":\"en-GB\",\"@id\":\"https:\\\/\\\/mv-digital-consulting.com\\\/#\\\/schema\\\/logo\\\/image\\\/\",\"url\":\"https:\\\/\\\/mv-digital-consulting.com\\\/wp-content\\\/uploads\\\/2022\\\/05\\\/Logo_Black.svg\",\"contentUrl\":\"https:\\\/\\\/mv-digital-consulting.com\\\/wp-content\\\/uploads\\\/2022\\\/05\\\/Logo_Black.svg\",\"width\":1,\"height\":1,\"caption\":\"SARL MV DIGITAL\"},\"image\":{\"@id\":\"https:\\\/\\\/mv-digital-consulting.com\\\/#\\\/schema\\\/logo\\\/image\\\/\"},\"sameAs\":[\"https:\\\/\\\/www.facebook.com\\\/mvdigitalconsultingmonaco\"]}]}<\/script>\n<!-- \/ Yoast SEO plugin. -->","yoast_head_json":{"title":"Actualit\u00e9s - MV DIGITAL","description":"Actualit\u00e9s du Num\u00e9rique et du Digital en Principaut\u00e9 de Monaco, offres d'emplois et communiqu\u00e9s de presse.","robots":{"index":"index","follow":"follow","max-snippet":"max-snippet:-1","max-image-preview":"max-image-preview:large","max-video-preview":"max-video-preview:-1"},"canonical":"https:\/\/mv-digital-consulting.com\/en\/actualites\/","og_locale":"en_GB","og_type":"article","og_title":"Actualit\u00e9s - MV DIGITAL","og_description":"Actualit\u00e9s du Num\u00e9rique et du Digital en Principaut\u00e9 de Monaco, offres d'emplois et communiqu\u00e9s de presse.","og_url":"https:\/\/mv-digital-consulting.com\/en\/actualites\/","og_site_name":"MV DIGITAL","article_publisher":"https:\/\/www.facebook.com\/mvdigitalconsultingmonaco","article_modified_time":"2023-06-23T12:19:12+00:00","og_image":[{"width":1920,"height":1280,"url":"https:\/\/mv-digital-consulting.com\/wp-content\/uploads\/2022\/04\/image-placeholder-2-min.jpg","type":"image\/jpeg"}],"twitter_card":"summary_large_image","twitter_misc":{"Estimated reading time":"1 minute"},"schema":{"@context":"https:\/\/schema.org","@graph":[{"@type":"WebPage","@id":"https:\/\/mv-digital-consulting.com\/actualites\/","url":"https:\/\/mv-digital-consulting.com\/actualites\/","name":"Actualit\u00e9s - MV DIGITAL","isPartOf":{"@id":"https:\/\/mv-digital-consulting.com\/#website"},"datePublished":"2022-05-26T12:15:32+00:00","dateModified":"2023-06-23T12:19:12+00:00","description":"Actualit\u00e9s du Num\u00e9rique et du Digital en Principaut\u00e9 de Monaco, offres d'emplois et communiqu\u00e9s de presse.","breadcrumb":{"@id":"https:\/\/mv-digital-consulting.com\/actualites\/#breadcrumb"},"inLanguage":"en-GB","potentialAction":[{"@type":"ReadAction","target":["https:\/\/mv-digital-consulting.com\/actualites\/"]}]},{"@type":"BreadcrumbList","@id":"https:\/\/mv-digital-consulting.com\/actualites\/#breadcrumb","itemListElement":[{"@type":"ListItem","position":1,"name":"Accueil","item":"https:\/\/mv-digital-consulting.com\/"},{"@type":"ListItem","position":2,"name":"Actualit\u00e9s"}]},{"@type":"WebSite","@id":"https:\/\/mv-digital-consulting.com\/#website","url":"https:\/\/mv-digital-consulting.com\/","name":"MV DIGITAL","description":"Expert du Num\u00e9rique \u00e0 Monaco | ESN","publisher":{"@id":"https:\/\/mv-digital-consulting.com\/#organization"},"potentialAction":[{"@type":"SearchAction","target":{"@type":"EntryPoint","urlTemplate":"https:\/\/mv-digital-consulting.com\/?s={search_term_string}"},"query-input":{"@type":"PropertyValueSpecification","valueRequired":true,"valueName":"search_term_string"}}],"inLanguage":"en-GB"},{"@type":"Organization","@id":"https:\/\/mv-digital-consulting.com\/#organization","name":"SARL MV DIGITAL","url":"https:\/\/mv-digital-consulting.com\/","logo":{"@type":"ImageObject","inLanguage":"en-GB","@id":"https:\/\/mv-digital-consulting.com\/#\/schema\/logo\/image\/","url":"https:\/\/mv-digital-consulting.com\/wp-content\/uploads\/2022\/05\/Logo_Black.svg","contentUrl":"https:\/\/mv-digital-consulting.com\/wp-content\/uploads\/2022\/05\/Logo_Black.svg","width":1,"height":1,"caption":"SARL MV DIGITAL"},"image":{"@id":"https:\/\/mv-digital-consulting.com\/#\/schema\/logo\/image\/"},"sameAs":["https:\/\/www.facebook.com\/mvdigitalconsultingmonaco"]}]}},"_links":{"self":[{"href":"https:\/\/mv-digital-consulting.com\/en\/wp-json\/wp\/v2\/pages\/110772","targetHints":{"allow":["GET"]}}],"collection":[{"href":"https:\/\/mv-digital-consulting.com\/en\/wp-json\/wp\/v2\/pages"}],"about":[{"href":"https:\/\/mv-digital-consulting.com\/en\/wp-json\/wp\/v2\/types\/page"}],"author":[{"embeddable":true,"href":"https:\/\/mv-digital-consulting.com\/en\/wp-json\/wp\/v2\/users\/1"}],"replies":[{"embeddable":true,"href":"https:\/\/mv-digital-consulting.com\/en\/wp-json\/wp\/v2\/comments?post=110772"}],"version-history":[{"count":5,"href":"https:\/\/mv-digital-consulting.com\/en\/wp-json\/wp\/v2\/pages\/110772\/revisions"}],"predecessor-version":[{"id":111228,"href":"https:\/\/mv-digital-consulting.com\/en\/wp-json\/wp\/v2\/pages\/110772\/revisions\/111228"}],"wp:attachment":[{"href":"https:\/\/mv-digital-consulting.com\/en\/wp-json\/wp\/v2\/media?parent=110772"}],"curies":[{"name":"wp","href":"https:\/\/api.w.org\/{rel}","templated":true}]}}