{"id":110838,"date":"2022-05-26T13:32:47","date_gmt":"2022-05-26T13:32:47","guid":{"rendered":"https:\/\/dev.mv-digital-consulting.com\/?page_id=110838"},"modified":"2022-05-30T09:24:51","modified_gmt":"2022-05-30T09:24:51","slug":"reseau","status":"publish","type":"page","link":"https:\/\/mv-digital-consulting.com\/en\/reseau\/","title":{"rendered":"R\u00e9seau"},"content":{"rendered":"<div class=\"wpb-content-wrapper\"><div data-parent=\"true\" class=\"vc_row has-bg need-focus style-accent-bg row-container\" id=\"row-unique-0\"><div class=\"row-background background-element\">\n\t\t\t\t\t\t\t\t\t\t\t<div class=\"background-wrapper\">\n\t\t\t\t\t\t\t\t\t\t\t\t<div class=\"background-inner\" style=\"background-image: url(https:\/\/mv-digital-consulting.com\/wp-content\/uploads\/2022\/05\/MVD-scaled.jpg);background-repeat: no-repeat;background-position: center center;background-attachment: scroll;background-size: cover;\"><\/div>\n\t\t\t\t\t\t\t\t\t\t\t\t<div class=\"block-bg-overlay style-color-wayh-bg\" style=\"opacity: 0.5;\"><\/div>\n\t\t\t\t\t\t\t\t\t\t\t<\/div>\n\t\t\t\t\t\t\t\t\t\t<\/div><div class=\"row unequal quad-top-padding quad-bottom-padding single-h-padding limit-width row-parent\" data-height-ratio=\"40\"><div class=\"wpb_row row-inner\"><div class=\"wpb_column pos-bottom pos-center align_left column_parent col-lg-12 single-internal-gutter\"><div class=\"uncol style-spec style-dark\"  ><div class=\"uncoltable\"><div class=\"uncell no-block-padding\" ><div class=\"uncont\" ><div class=\"vc_row row-internal row-container\"><div class=\"row row-child\"><div class=\"wpb_row row-inner\"><div class=\"wpb_column pos-top pos-center align_left column_child col-lg-9 single-internal-gutter\"><div class=\"uncol style-spec style-dark animate_when_almost_visible alpha-anim\" data-delay=\"200\"><div class=\"uncoltable\"><div class=\"uncell no-block-padding\" ><div class=\"uncont\" ><div class=\"vc_custom_heading_wrap\"><div class=\"heading-text el-text\" ><h6 class=\"h6 font-weight-200 text-uppercase\" ><span>MODERNISATION DU DATACENTER<\/span><\/h6><\/div><div class=\"clear\"><\/div><\/div><div class=\"vc_custom_heading_wrap\"><div class=\"heading-text el-text single-slide animate_inner_when_almost_visible el-text-split\" ><h1 class=\"h1 font-obs\" data-style=\"normal\" data-weight=\"600\" data-font=\"Poppins\"><span class=\"heading-text-inner\"><span class=\"split-word word1\"><span class=\"split-word-flow\"><span class=\"split-word-inner\">R\u00e9seau<\/span><\/span><\/span><\/span><\/h1><\/div><div class=\"clear\"><\/div><\/div><\/div><\/div><\/div><\/div><\/div><div class=\"wpb_column pos-top pos-center align_left column_child col-lg-3 single-internal-gutter\"><div class=\"uncol style-light\" ><div class=\"uncoltable\"><div class=\"uncell no-block-padding\" ><div class=\"uncont\" ><\/div><\/div><\/div><\/div><\/div><\/div><\/div><\/div><\/div><\/div><\/div><\/div><\/div><script id=\"script-row-unique-0\" data-row=\"script-row-unique-0\" type=\"text\/javascript\" class=\"vc_controls\">UNCODE.initRow(document.getElementById(\"row-unique-0\"));<\/script><\/div><\/div><\/div><div data-parent=\"true\" class=\"vc_row inverted-device-order row-container\" id=\"row-unique-1\"><div class=\"row col-double-gutter quad-top-padding quad-bottom-padding quad-h-padding full-width row-parent\" data-height-ratio=\"50\"><div class=\"wpb_row row-inner\"><div class=\"wpb_column pos-middle pos-center align_left column_parent col-lg-12 single-internal-gutter\"><div class=\"uncol style-light\"  ><div class=\"uncoltable\"><div class=\"uncell\" ><div class=\"uncont no-block-padding col-custom-width\" style=\" max-width:900px;\" ><div class=\"vc_custom_heading_wrap\"><div class=\"heading-text el-text curtain animate_inner_when_almost_visible el-text-split\" ><h3 class=\"h2 font-obs\" data-style=\"normal\" data-weight=\"600\" data-font=\"Poppins\"><span class=\"heading-text-inner\"><span class=\"split-word word1\"><span class=\"split-word-flow\"><span class=\"split-word-inner\">Afin<\/span><\/span><\/span><span class=\"split-word word2\"><span class=\"split-word-flow\"><span class=\"split-word-inner split-empty-inner\"><span class=\"split-word-empty\">&nbsp;<\/span>de<\/span><\/span><\/span><span class=\"split-word word3\"><span class=\"split-word-flow\"><span class=\"split-word-inner split-empty-inner\"><span class=\"split-word-empty\">&nbsp;<\/span>b\u00e9n\u00e9ficier<\/span><\/span><\/span><span class=\"split-word word4\"><span class=\"split-word-flow\"><span class=\"split-word-inner split-empty-inner\"><span class=\"split-word-empty\">&nbsp;<\/span>d\u2019une<\/span><\/span><\/span><span class=\"split-word word5\"><span class=\"split-word-flow\"><span class=\"split-word-inner split-empty-inner\"><span class=\"split-word-empty\">&nbsp;<\/span>infrastructure<\/span><\/span><\/span><span class=\"split-word word6\"><span class=\"split-word-flow\"><span class=\"split-word-inner split-empty-inner\"><span class=\"split-word-empty\">&nbsp;<\/span>agile,<\/span><\/span><\/span><span class=\"split-word word7\"><span class=\"split-word-flow\"><span class=\"split-word-inner split-empty-inner\"><span class=\"split-word-empty\">&nbsp;<\/span>s\u00e9curis\u00e9e<\/span><\/span><\/span><span class=\"split-word word8\"><span class=\"split-word-flow\"><span class=\"split-word-inner split-empty-inner\"><span class=\"split-word-empty\">&nbsp;<\/span>qui<\/span><\/span><\/span><span class=\"split-word word9\"><span class=\"split-word-flow\"><span class=\"split-word-inner split-empty-inner\"><span class=\"split-word-empty\">&nbsp;<\/span>favorise<\/span><\/span><\/span><span class=\"split-word word10\"><span class=\"split-word-flow\"><span class=\"split-word-inner split-empty-inner\"><span class=\"split-word-empty\">&nbsp;<\/span>l\u2019innovation,<\/span><\/span><\/span><span class=\"split-word split-word-empty\">&nbsp;<\/span><span style=\"color: #ce1126;\"><span class=\"split-word word11\"><span class=\"split-word-flow\"><span class=\"split-word-inner\">cap<\/span><\/span><\/span><span class=\"split-word word12\"><span class=\"split-word-flow\"><span class=\"split-word-inner split-empty-inner\"><span class=\"split-word-empty\">&nbsp;<\/span>sur<\/span><\/span><\/span><span class=\"split-word word13\"><span class=\"split-word-flow\"><span class=\"split-word-inner split-empty-inner\"><span class=\"split-word-empty\">&nbsp;<\/span>la<\/span><\/span><\/span><span class=\"split-word word14\"><span class=\"split-word-flow\"><span class=\"split-word-inner split-empty-inner\"><span class=\"split-word-empty\">&nbsp;<\/span>performance<\/span><\/span><\/span><span class=\"split-word word15\"><span class=\"split-word-flow\"><span class=\"split-word-inner split-empty-inner\"><span class=\"split-word-empty\">&nbsp;<\/span>et<\/span><\/span><\/span><span class=\"split-word word16\"><span class=\"split-word-flow\"><span class=\"split-word-inner split-empty-inner\"><span class=\"split-word-empty\">&nbsp;<\/span>l&rsquo;\u00e9volutivit\u00e9<\/span><\/span><\/span><span class=\"split-word split-word-empty\">&nbsp;<\/span><\/span><span class=\"split-word word17\"><span class=\"split-word-flow\"><span class=\"split-word-inner\">du<\/span><\/span><\/span><span class=\"split-word word18\"><span class=\"split-word-flow\"><span class=\"split-word-inner split-empty-inner\"><span class=\"split-word-empty\">&nbsp;<\/span>r\u00e9seau.<\/span><\/span><\/span><\/span><\/h3><div><p>La moindre coupure de production sur votre syst\u00e8me d\u2019informations a un impact direct sur la productivit\u00e9 de votre entreprise. Aussi, la modernisation du Datacenter et de l\u2019infrastructure r\u00e9seau globale doit inclure l\u2019adaptation aux enjeux actuels et \u00e0 venir, tout en assurant une qualit\u00e9 de service attendue par les utilisateurs.<\/p>\n<\/div><\/div><div class=\"clear\"><\/div><\/div><\/div><\/div><\/div><\/div><\/div><script id=\"script-row-unique-1\" data-row=\"script-row-unique-1\" type=\"text\/javascript\" class=\"vc_controls\">UNCODE.initRow(document.getElementById(\"row-unique-1\"));<\/script><\/div><\/div><\/div><div data-parent=\"true\" class=\"vc_row inverted-device-order row-container\" id=\"row-unique-2\"><div class=\"row col-double-gutter single-top-padding single-bottom-padding single-h-padding limit-width row-parent\" data-height-ratio=\"50\"><div class=\"wpb_row row-inner\"><div class=\"wpb_column pos-middle pos-center align_left column_parent col-lg-8 single-internal-gutter\"><div class=\"uncol style-light\"  ><div class=\"uncoltable\"><div class=\"uncell no-block-padding\" ><div class=\"uncont\" style=\" max-width:900px;\" ><div class=\"vc_custom_heading_wrap\"><div class=\"heading-text el-text\" ><h3 class=\"h2\" ><span>Vos <span style=\"color: #ce1126;\">Besoins<\/span><\/span><\/h3><div><p>Afin d\u2019offrir une exp\u00e9rience de qualit\u00e9 \u00e0 vos utilisateurs, vous avez besoin d\u2019un r\u00e9seau exempt de pannes, de latences minimales et enti\u00e8rement s\u00e9curis\u00e9.<\/p>\n<p>Le r\u00e9seau de votre entreprise doit \u00eatre capable de servir sa strat\u00e9gie d\u2019innovation et d\u2019absorber les charges suppl\u00e9mentaires de nouveaux services (applications, vid\u00e9o, t\u00e9l\u00e9phonie par exemple).<\/p>\n<p>La mont\u00e9e en charge, l\u2019administration quotidienne et la s\u00e9curit\u00e9 doivent \u00eatre simples \u00e0 mettre en \u0153uvre pour que l\u2019exploitation du r\u00e9seau se fasse (presque) oublier.<\/p>\n<\/div><\/div><div class=\"clear\"><\/div><\/div><\/div><\/div><\/div><\/div><\/div><div class=\"wpb_column pos-top pos-center align_left column_parent col-lg-4 single-internal-gutter\"><div class=\"uncol style-light\"  ><div class=\"uncoltable\"><div class=\"uncell no-block-padding\" ><div class=\"uncont\" ><div class=\"uncode-single-media  text-left\"><div class=\"single-wrapper\" style=\"max-width: 100%;\"><div class=\"tmb tmb-light  tmb-img-ratio tmb-media-first tmb-media-last tmb-content-overlay tmb-no-bg\"><div class=\"t-inside\"><div class=\"t-entry-visual\"><div class=\"t-entry-visual-tc\"><div class=\"uncode-single-media-wrapper\"><div class=\"dummy\" style=\"padding-top: 75.1%;\"><\/div><img decoding=\"async\" class=\"wp-image-110813\" src=\"https:\/\/mv-digital-consulting.com\/wp-content\/uploads\/2022\/05\/Stockage_1.png\" width=\"2000\" height=\"1501\" alt=\"\" srcset=\"https:\/\/mv-digital-consulting.com\/wp-content\/uploads\/2022\/05\/Stockage_1.png 2000w, https:\/\/mv-digital-consulting.com\/wp-content\/uploads\/2022\/05\/Stockage_1-300x225.png 300w, https:\/\/mv-digital-consulting.com\/wp-content\/uploads\/2022\/05\/Stockage_1-1024x769.png 1024w, https:\/\/mv-digital-consulting.com\/wp-content\/uploads\/2022\/05\/Stockage_1-768x576.png 768w, https:\/\/mv-digital-consulting.com\/wp-content\/uploads\/2022\/05\/Stockage_1-1536x1153.png 1536w, https:\/\/mv-digital-consulting.com\/wp-content\/uploads\/2022\/05\/Stockage_1-600x450.png 600w\" sizes=\"(max-width: 2000px) 100vw, 2000px\" \/><\/div>\n\t\t\t\t\t<\/div>\n\t\t\t\t<\/div><\/div><\/div><\/div><\/div><\/div><\/div><\/div><\/div><\/div><script id=\"script-row-unique-2\" data-row=\"script-row-unique-2\" type=\"text\/javascript\" class=\"vc_controls\">UNCODE.initRow(document.getElementById(\"row-unique-2\"));<\/script><\/div><\/div><\/div><div data-parent=\"true\" class=\"vc_row row-container\" id=\"row-unique-3\"><div class=\"row col-double-gutter single-top-padding double-bottom-padding single-h-padding limit-width row-parent\" data-height-ratio=\"50\"><div class=\"wpb_row row-inner\"><div class=\"wpb_column pos-top pos-center align_left column_parent col-lg-4 single-internal-gutter\"><div class=\"uncol style-light\"  ><div class=\"uncoltable\"><div class=\"uncell no-block-padding\" ><div class=\"uncont\" ><div class=\"uncode-single-media  text-left\"><div class=\"single-wrapper\" style=\"max-width: 100%;\"><div class=\"tmb tmb-light  tmb-img-ratio tmb-media-first tmb-media-last tmb-content-overlay tmb-no-bg\"><div class=\"t-inside\"><div class=\"t-entry-visual\"><div class=\"t-entry-visual-tc\"><div class=\"uncode-single-media-wrapper\"><div class=\"dummy\" style=\"padding-top: 75.1%;\"><\/div><img decoding=\"async\" class=\"wp-image-110743\" src=\"https:\/\/mv-digital-consulting.com\/wp-content\/uploads\/2022\/05\/cloud_2.png\" width=\"2000\" height=\"1501\" alt=\"\" srcset=\"https:\/\/mv-digital-consulting.com\/wp-content\/uploads\/2022\/05\/cloud_2.png 2000w, https:\/\/mv-digital-consulting.com\/wp-content\/uploads\/2022\/05\/cloud_2-300x225.png 300w, https:\/\/mv-digital-consulting.com\/wp-content\/uploads\/2022\/05\/cloud_2-1024x769.png 1024w, https:\/\/mv-digital-consulting.com\/wp-content\/uploads\/2022\/05\/cloud_2-768x576.png 768w, https:\/\/mv-digital-consulting.com\/wp-content\/uploads\/2022\/05\/cloud_2-1536x1153.png 1536w, https:\/\/mv-digital-consulting.com\/wp-content\/uploads\/2022\/05\/cloud_2-600x450.png 600w\" sizes=\"(max-width: 2000px) 100vw, 2000px\" \/><\/div>\n\t\t\t\t\t<\/div>\n\t\t\t\t<\/div><\/div><\/div><\/div><\/div><\/div><\/div><\/div><\/div><\/div><div class=\"wpb_column pos-middle pos-center align_left column_parent col-lg-8 single-internal-gutter\"><div class=\"uncol style-light\"  ><div class=\"uncoltable\"><div class=\"uncell no-block-padding\" ><div class=\"uncont\" style=\" max-width:900px;\" ><div class=\"vc_custom_heading_wrap\"><div class=\"heading-text el-text\" ><h3 class=\"h2\" ><span>Nos <span style=\"color: #ce1126;\">Solutions<\/span><\/span><\/h3><div><p>Nous vous proposons une approche cl\u00e9 en main sur l\u2019ensemble du cycle de vie de votre projet : \u00e9valuation et conseil, architecture, transformation, impl\u00e9mentation et migration, management et optimisation.<\/p>\n<p>Nous vous aidons \u00e0 s\u00e9lectionner les ad\u00e9quates pour la modernisation de votre r\u00e9seau avec une vaste gamme de solutions que nous pouvons pr\u00e9coniser (LAN Campus, SDN, SDWan, Application Delivery Controller, Wifi, transition vers IPv6, contr\u00f4le d\u2019acc\u00e8s r\u00e9seau\u2026).<\/p>\n<\/div><\/div><div class=\"clear\"><\/div><\/div><\/div><\/div><\/div><\/div><\/div><script id=\"script-row-unique-3\" data-row=\"script-row-unique-3\" type=\"text\/javascript\" class=\"vc_controls\">UNCODE.initRow(document.getElementById(\"row-unique-3\"));<\/script><\/div><\/div><\/div><div data-parent=\"true\" class=\"vc_row has-bg need-focus style-accent-bg row-container\" id=\"row-unique-4\"><div class=\"row unequal col-no-gutter no-top-padding no-bottom-padding no-h-padding full-width row-parent\"><div class=\"wpb_row row-inner\"><div class=\"wpb_column pos-top pos-center align_left column_parent col-lg-6 double-internal-gutter\"><div class=\"uncol style-spec style-dark animate_when_almost_visible alpha-anim\"  data-speed=\"1000\"><div class=\"uncoltable\"><div class=\"uncell quad-block-padding\" ><div class=\"uncont\" ><div class=\"vc_custom_heading_wrap\"><div class=\"heading-text el-text\" ><h3 class=\"h2\" ><span>B\u00e9n\u00e9fices<\/span><\/h3><\/div><div class=\"clear\"><\/div><\/div><div class=\"divider-wrapper  left-t-right animate_when_almost_visible\" data-delay=\"1200\" data-speed=\"600\" >\n    <hr class=\"unseparator border-color-xsdn-color separator-no-padding\"  style=\"width: 50%;border-top-width: 2px;\" \/>\n<\/div>\n<div class=\"uncode_text_column\" ><p>Votre r\u00e9seau r\u00e9pond aux attentes de vos utilisateurs : temps de r\u00e9ponse courts, disponibilit\u00e9 des applications et des donn\u00e9es, environnement de travail s\u00e9curis\u00e9 et fiable.<\/p>\n<p>Votre r\u00e9seau \u00e9volue simplement en ajoutant les solutions techniques adapt\u00e9es \u00e0 vos besoins afin d\u2019assurer un taux de disponibilit\u00e9 optimal aux applications<\/p>\n<p>Votre r\u00e9seau est pr\u00eat pour l\u2019innovation avec la capacit\u00e9 de pouvoir int\u00e9grer de nouvelles applications de mani\u00e8re simple, rapide et s\u00e9curis\u00e9e<\/p>\n<p>Un r\u00e9seau moderne vous offre une plus grande facilit\u00e9 d\u2019exploitation, de mise \u00e0 jour et de mise en conformit\u00e9.<\/p>\n<\/div><\/div><\/div><\/div><\/div><\/div><div class=\"wpb_column pos-top pos-center align_left column_parent col-lg-6 double-internal-gutter\"><div class=\"uncol style-light animate_when_almost_visible alpha-anim\"  data-delay=\"200\"><div class=\"uncoltable\"><div class=\"uncell quad-block-padding style-color-xsdn-bg has-bg\" ><div class=\"uncont\" ><div class=\"vc_custom_heading_wrap\"><div class=\"heading-text el-text\" ><h3 class=\"h2\" ><span>Pourquoi choisir <span style=\"color: #ce1126;\">MV Digital<\/span><\/span><\/h3><\/div><div class=\"clear\"><\/div><\/div><div class=\"divider-wrapper  left-t-right animate_when_almost_visible\" data-delay=\"1200\" data-speed=\"600\" >\n    <hr class=\"unseparator border-accent-color separator-no-padding\"  style=\"width: 50%;border-top-width: 2px;\" \/>\n<\/div>\n<div class=\"uncode_text_column\" ><p><strong>Experts \u2013<\/strong> une \u00e9quipe d\u2019experts d\u00e9di\u00e9e pour vous assister dans la r\u00e9alisation de votre strat\u00e9gie.<\/p>\n<p><strong>Support \u2013<\/strong> nous vous fournissons un support de qualit\u00e9.<\/p>\n<p><strong>\u00c0 vos c\u00f4t\u00e9s<\/strong> tout au long du processus, de la consultation initiale \u00e0 la sous-traitance, la conception, la mise en \u0153uvre, la gestion, l\u2019assistance et l\u2019optimisation.<\/p>\n<\/div><\/div><\/div><\/div><\/div><\/div><script id=\"script-row-unique-4\" data-row=\"script-row-unique-4\" type=\"text\/javascript\" class=\"vc_controls\">UNCODE.initRow(document.getElementById(\"row-unique-4\"));<\/script><\/div><\/div><\/div>\n<\/div>","protected":false},"excerpt":{"rendered":"MODERNISATION DU DATACENTERR\u00e9seauAfin&nbsp;de&nbsp;b\u00e9n\u00e9ficier&nbsp;d\u2019une&nbsp;infrastructure&nbsp;agile,&nbsp;s\u00e9curis\u00e9e&nbsp;qui&nbsp;favorise&nbsp;l\u2019innovation,&nbsp;cap&nbsp;sur&nbsp;la&nbsp;performance&nbsp;et&nbsp;l'\u00e9volutivit\u00e9&nbsp;du&nbsp;r\u00e9seau.La moindre coupure de production sur votre syst\u00e8me d\u2019informations a un impact direct sur la productivit\u00e9 de votre [...]","protected":false},"author":1,"featured_media":0,"parent":0,"menu_order":0,"comment_status":"closed","ping_status":"closed","template":"","meta":{"_exactmetrics_skip_tracking":false,"_exactmetrics_sitenote_active":false,"_exactmetrics_sitenote_note":"","_exactmetrics_sitenote_category":0,"footnotes":""},"class_list":["post-110838","page","type-page","status-publish","hentry","page_category-nos-offres"],"yoast_head":"<!-- This site is optimized with the Yoast SEO plugin v27.5 - https:\/\/yoast.com\/product\/yoast-seo-wordpress\/ -->\n<title>R\u00e9seau - MV DIGITAL<\/title>\n<meta name=\"robots\" content=\"index, follow, max-snippet:-1, max-image-preview:large, max-video-preview:-1\" \/>\n<link rel=\"canonical\" href=\"https:\/\/mv-digital-consulting.com\/en\/reseau\/\" \/>\n<meta property=\"og:locale\" content=\"en_GB\" \/>\n<meta property=\"og:type\" content=\"article\" \/>\n<meta property=\"og:title\" content=\"R\u00e9seau - MV DIGITAL\" \/>\n<meta property=\"og:url\" content=\"https:\/\/mv-digital-consulting.com\/en\/reseau\/\" \/>\n<meta property=\"og:site_name\" content=\"MV DIGITAL\" \/>\n<meta property=\"article:publisher\" content=\"https:\/\/www.facebook.com\/mvdigitalconsultingmonaco\" \/>\n<meta property=\"article:modified_time\" content=\"2022-05-30T09:24:51+00:00\" \/>\n<meta name=\"twitter:card\" content=\"summary_large_image\" \/>\n<meta name=\"twitter:label1\" content=\"Estimated reading time\" \/>\n\t<meta name=\"twitter:data1\" content=\"6 minutes\" \/>\n<script type=\"application\/ld+json\" class=\"yoast-schema-graph\">{\"@context\":\"https:\\\/\\\/schema.org\",\"@graph\":[{\"@type\":\"WebPage\",\"@id\":\"https:\\\/\\\/mv-digital-consulting.com\\\/reseau\\\/\",\"url\":\"https:\\\/\\\/mv-digital-consulting.com\\\/reseau\\\/\",\"name\":\"R\u00e9seau - MV DIGITAL\",\"isPartOf\":{\"@id\":\"https:\\\/\\\/mv-digital-consulting.com\\\/#website\"},\"datePublished\":\"2022-05-26T13:32:47+00:00\",\"dateModified\":\"2022-05-30T09:24:51+00:00\",\"breadcrumb\":{\"@id\":\"https:\\\/\\\/mv-digital-consulting.com\\\/reseau\\\/#breadcrumb\"},\"inLanguage\":\"en-GB\",\"potentialAction\":[{\"@type\":\"ReadAction\",\"target\":[\"https:\\\/\\\/mv-digital-consulting.com\\\/reseau\\\/\"]}]},{\"@type\":\"BreadcrumbList\",\"@id\":\"https:\\\/\\\/mv-digital-consulting.com\\\/reseau\\\/#breadcrumb\",\"itemListElement\":[{\"@type\":\"ListItem\",\"position\":1,\"name\":\"Accueil\",\"item\":\"https:\\\/\\\/mv-digital-consulting.com\\\/\"},{\"@type\":\"ListItem\",\"position\":2,\"name\":\"R\u00e9seau\"}]},{\"@type\":\"WebSite\",\"@id\":\"https:\\\/\\\/mv-digital-consulting.com\\\/#website\",\"url\":\"https:\\\/\\\/mv-digital-consulting.com\\\/\",\"name\":\"MV DIGITAL\",\"description\":\"Expert du Num\u00e9rique \u00e0 Monaco | ESN\",\"publisher\":{\"@id\":\"https:\\\/\\\/mv-digital-consulting.com\\\/#organization\"},\"potentialAction\":[{\"@type\":\"SearchAction\",\"target\":{\"@type\":\"EntryPoint\",\"urlTemplate\":\"https:\\\/\\\/mv-digital-consulting.com\\\/?s={search_term_string}\"},\"query-input\":{\"@type\":\"PropertyValueSpecification\",\"valueRequired\":true,\"valueName\":\"search_term_string\"}}],\"inLanguage\":\"en-GB\"},{\"@type\":\"Organization\",\"@id\":\"https:\\\/\\\/mv-digital-consulting.com\\\/#organization\",\"name\":\"SARL MV DIGITAL\",\"url\":\"https:\\\/\\\/mv-digital-consulting.com\\\/\",\"logo\":{\"@type\":\"ImageObject\",\"inLanguage\":\"en-GB\",\"@id\":\"https:\\\/\\\/mv-digital-consulting.com\\\/#\\\/schema\\\/logo\\\/image\\\/\",\"url\":\"https:\\\/\\\/mv-digital-consulting.com\\\/wp-content\\\/uploads\\\/2022\\\/05\\\/Logo_Black.svg\",\"contentUrl\":\"https:\\\/\\\/mv-digital-consulting.com\\\/wp-content\\\/uploads\\\/2022\\\/05\\\/Logo_Black.svg\",\"width\":1,\"height\":1,\"caption\":\"SARL MV DIGITAL\"},\"image\":{\"@id\":\"https:\\\/\\\/mv-digital-consulting.com\\\/#\\\/schema\\\/logo\\\/image\\\/\"},\"sameAs\":[\"https:\\\/\\\/www.facebook.com\\\/mvdigitalconsultingmonaco\"]}]}<\/script>\n<!-- \/ Yoast SEO plugin. -->","yoast_head_json":{"title":"R\u00e9seau - MV DIGITAL","robots":{"index":"index","follow":"follow","max-snippet":"max-snippet:-1","max-image-preview":"max-image-preview:large","max-video-preview":"max-video-preview:-1"},"canonical":"https:\/\/mv-digital-consulting.com\/en\/reseau\/","og_locale":"en_GB","og_type":"article","og_title":"R\u00e9seau - MV DIGITAL","og_url":"https:\/\/mv-digital-consulting.com\/en\/reseau\/","og_site_name":"MV DIGITAL","article_publisher":"https:\/\/www.facebook.com\/mvdigitalconsultingmonaco","article_modified_time":"2022-05-30T09:24:51+00:00","twitter_card":"summary_large_image","twitter_misc":{"Estimated reading time":"6 minutes"},"schema":{"@context":"https:\/\/schema.org","@graph":[{"@type":"WebPage","@id":"https:\/\/mv-digital-consulting.com\/reseau\/","url":"https:\/\/mv-digital-consulting.com\/reseau\/","name":"R\u00e9seau - MV DIGITAL","isPartOf":{"@id":"https:\/\/mv-digital-consulting.com\/#website"},"datePublished":"2022-05-26T13:32:47+00:00","dateModified":"2022-05-30T09:24:51+00:00","breadcrumb":{"@id":"https:\/\/mv-digital-consulting.com\/reseau\/#breadcrumb"},"inLanguage":"en-GB","potentialAction":[{"@type":"ReadAction","target":["https:\/\/mv-digital-consulting.com\/reseau\/"]}]},{"@type":"BreadcrumbList","@id":"https:\/\/mv-digital-consulting.com\/reseau\/#breadcrumb","itemListElement":[{"@type":"ListItem","position":1,"name":"Accueil","item":"https:\/\/mv-digital-consulting.com\/"},{"@type":"ListItem","position":2,"name":"R\u00e9seau"}]},{"@type":"WebSite","@id":"https:\/\/mv-digital-consulting.com\/#website","url":"https:\/\/mv-digital-consulting.com\/","name":"MV DIGITAL","description":"Expert du Num\u00e9rique \u00e0 Monaco | ESN","publisher":{"@id":"https:\/\/mv-digital-consulting.com\/#organization"},"potentialAction":[{"@type":"SearchAction","target":{"@type":"EntryPoint","urlTemplate":"https:\/\/mv-digital-consulting.com\/?s={search_term_string}"},"query-input":{"@type":"PropertyValueSpecification","valueRequired":true,"valueName":"search_term_string"}}],"inLanguage":"en-GB"},{"@type":"Organization","@id":"https:\/\/mv-digital-consulting.com\/#organization","name":"SARL MV DIGITAL","url":"https:\/\/mv-digital-consulting.com\/","logo":{"@type":"ImageObject","inLanguage":"en-GB","@id":"https:\/\/mv-digital-consulting.com\/#\/schema\/logo\/image\/","url":"https:\/\/mv-digital-consulting.com\/wp-content\/uploads\/2022\/05\/Logo_Black.svg","contentUrl":"https:\/\/mv-digital-consulting.com\/wp-content\/uploads\/2022\/05\/Logo_Black.svg","width":1,"height":1,"caption":"SARL MV DIGITAL"},"image":{"@id":"https:\/\/mv-digital-consulting.com\/#\/schema\/logo\/image\/"},"sameAs":["https:\/\/www.facebook.com\/mvdigitalconsultingmonaco"]}]}},"_links":{"self":[{"href":"https:\/\/mv-digital-consulting.com\/en\/wp-json\/wp\/v2\/pages\/110838","targetHints":{"allow":["GET"]}}],"collection":[{"href":"https:\/\/mv-digital-consulting.com\/en\/wp-json\/wp\/v2\/pages"}],"about":[{"href":"https:\/\/mv-digital-consulting.com\/en\/wp-json\/wp\/v2\/types\/page"}],"author":[{"embeddable":true,"href":"https:\/\/mv-digital-consulting.com\/en\/wp-json\/wp\/v2\/users\/1"}],"replies":[{"embeddable":true,"href":"https:\/\/mv-digital-consulting.com\/en\/wp-json\/wp\/v2\/comments?post=110838"}],"version-history":[{"count":5,"href":"https:\/\/mv-digital-consulting.com\/en\/wp-json\/wp\/v2\/pages\/110838\/revisions"}],"predecessor-version":[{"id":110989,"href":"https:\/\/mv-digital-consulting.com\/en\/wp-json\/wp\/v2\/pages\/110838\/revisions\/110989"}],"wp:attachment":[{"href":"https:\/\/mv-digital-consulting.com\/en\/wp-json\/wp\/v2\/media?parent=110838"}],"curies":[{"name":"wp","href":"https:\/\/api.w.org\/{rel}","templated":true}]}}