{"id":110846,"date":"2022-05-26T13:39:59","date_gmt":"2022-05-26T13:39:59","guid":{"rendered":"https:\/\/dev.mv-digital-consulting.com\/?page_id=110846"},"modified":"2022-06-01T15:36:00","modified_gmt":"2022-06-01T15:36:00","slug":"automatisation-orchestration","status":"publish","type":"page","link":"https:\/\/mv-digital-consulting.com\/en\/automatisation-orchestration\/","title":{"rendered":"Automatisation \u2013 Orchestration"},"content":{"rendered":"<div class=\"wpb-content-wrapper\"><div data-parent=\"true\" class=\"vc_row has-bg need-focus style-accent-bg row-container\" id=\"row-unique-0\"><div class=\"row-background background-element\">\n\t\t\t\t\t\t\t\t\t\t\t<div class=\"background-wrapper\">\n\t\t\t\t\t\t\t\t\t\t\t\t<div class=\"background-inner\" style=\"background-image: url(https:\/\/mv-digital-consulting.com\/wp-content\/uploads\/2022\/05\/MVD-scaled.jpg);background-repeat: no-repeat;background-position: center center;background-attachment: scroll;background-size: cover;\"><\/div>\n\t\t\t\t\t\t\t\t\t\t\t\t<div class=\"block-bg-overlay style-color-wayh-bg\" style=\"opacity: 0.5;\"><\/div>\n\t\t\t\t\t\t\t\t\t\t\t<\/div>\n\t\t\t\t\t\t\t\t\t\t<\/div><div class=\"row unequal quad-top-padding quad-bottom-padding single-h-padding limit-width row-parent\" data-height-ratio=\"40\"><div class=\"wpb_row row-inner\"><div class=\"wpb_column pos-bottom pos-center align_left column_parent col-lg-12 single-internal-gutter\"><div class=\"uncol style-spec style-dark\"  ><div class=\"uncoltable\"><div class=\"uncell no-block-padding\" ><div class=\"uncont\" ><div class=\"vc_row row-internal row-container\"><div class=\"row row-child\"><div class=\"wpb_row row-inner\"><div class=\"wpb_column pos-top pos-center align_left column_child col-lg-9 single-internal-gutter\"><div class=\"uncol style-spec style-dark animate_when_almost_visible alpha-anim\" data-delay=\"200\"><div class=\"uncoltable\"><div class=\"uncell no-block-padding\" ><div class=\"uncont\" ><div class=\"vc_custom_heading_wrap\"><div class=\"heading-text el-text\" ><h6 class=\"h6 font-weight-200 text-uppercase\" ><span>MODERNISATION DU DATACENTER<\/span><\/h6><\/div><div class=\"clear\"><\/div><\/div><div class=\"vc_custom_heading_wrap\"><div class=\"heading-text el-text single-slide animate_inner_when_almost_visible el-text-split\" ><h1 class=\"h1 font-obs\" data-style=\"normal\" data-weight=\"600\" data-font=\"Poppins\"><span class=\"heading-text-inner\"><span class=\"split-word word1\"><span class=\"split-word-flow\"><span class=\"split-word-inner\">Automatisation<\/span><\/span><\/span><span class=\"split-word word2\"><span class=\"split-word-flow\"><span class=\"split-word-inner split-empty-inner\"><span class=\"split-word-empty\">&nbsp;<\/span>\u2013<\/span><\/span><\/span><span class=\"split-word word3\"><span class=\"split-word-flow\"><span class=\"split-word-inner split-empty-inner\"><span class=\"split-word-empty\">&nbsp;<\/span>Orchestration<\/span><\/span><\/span><\/span><\/h1><\/div><div class=\"clear\"><\/div><\/div><\/div><\/div><\/div><\/div><\/div><div class=\"wpb_column pos-top pos-center align_left column_child col-lg-3 single-internal-gutter\"><div class=\"uncol style-light\" ><div class=\"uncoltable\"><div class=\"uncell no-block-padding\" ><div class=\"uncont\" ><\/div><\/div><\/div><\/div><\/div><\/div><\/div><\/div><\/div><\/div><\/div><\/div><\/div><script id=\"script-row-unique-0\" data-row=\"script-row-unique-0\" type=\"text\/javascript\" class=\"vc_controls\">UNCODE.initRow(document.getElementById(\"row-unique-0\"));<\/script><\/div><\/div><\/div><div data-parent=\"true\" class=\"vc_row inverted-device-order row-container\" id=\"row-unique-1\"><div class=\"row col-double-gutter quad-top-padding quad-bottom-padding quad-h-padding full-width row-parent\" data-height-ratio=\"50\"><div class=\"wpb_row row-inner\"><div class=\"wpb_column pos-middle pos-center align_left column_parent col-lg-12 single-internal-gutter\"><div class=\"uncol style-light\"  ><div class=\"uncoltable\"><div class=\"uncell\" ><div class=\"uncont no-block-padding col-custom-width\" style=\" max-width:900px;\" ><div class=\"vc_custom_heading_wrap\"><div class=\"heading-text el-text curtain animate_inner_when_almost_visible el-text-split\" ><h3 class=\"h2 font-obs\" data-style=\"normal\" data-weight=\"600\" data-font=\"Poppins\"><span class=\"heading-text-inner\"><span class=\"split-word word1\"><span class=\"split-word-flow\"><span class=\"split-word-inner\">Gr\u00e2ce<\/span><\/span><\/span><span class=\"split-word word2\"><span class=\"split-word-flow\"><span class=\"split-word-inner split-empty-inner\"><span class=\"split-word-empty\">&nbsp;<\/span>\u00e0<\/span><\/span><\/span><span class=\"split-word split-word-empty\">&nbsp;<\/span><span style=\"color: #ce1126;\"><span class=\"split-word word3\"><span class=\"split-word-flow\"><span class=\"split-word-inner\">l\u2019automatisation<\/span><\/span><\/span><span class=\"split-word word4\"><span class=\"split-word-flow\"><span class=\"split-word-inner split-empty-inner\"><span class=\"split-word-empty\">&nbsp;<\/span>et<\/span><\/span><\/span><span class=\"split-word word5\"><span class=\"split-word-flow\"><span class=\"split-word-inner split-empty-inner\"><span class=\"split-word-empty\">&nbsp;<\/span>l\u2019orchestration<\/span><\/span><\/span><span class=\"split-word word6\"><span class=\"split-word-flow\"><span class=\"split-word-inner split-empty-inner\"><span class=\"split-word-empty\">&nbsp;<\/span>du<\/span><\/span><\/span><span class=\"split-word word7\"><span class=\"split-word-flow\"><span class=\"split-word-inner split-empty-inner\"><span class=\"split-word-empty\">&nbsp;<\/span>datacenter,<\/span><\/span><\/span><\/span><span class=\"split-word word8\"><span class=\"split-word-flow\"><span class=\"split-word-inner\">\u00a0vos<\/span><\/span><\/span><span class=\"split-word word9\"><span class=\"split-word-flow\"><span class=\"split-word-inner split-empty-inner\"><span class=\"split-word-empty\">&nbsp;<\/span>\u00e9quipes<\/span><\/span><\/span><span class=\"split-word word10\"><span class=\"split-word-flow\"><span class=\"split-word-inner split-empty-inner\"><span class=\"split-word-empty\">&nbsp;<\/span>IT<\/span><\/span><\/span><span class=\"split-word word11\"><span class=\"split-word-flow\"><span class=\"split-word-inner split-empty-inner\"><span class=\"split-word-empty\">&nbsp;<\/span>peuvent<\/span><\/span><\/span><span class=\"split-word word12\"><span class=\"split-word-flow\"><span class=\"split-word-inner split-empty-inner\"><span class=\"split-word-empty\">&nbsp;<\/span>davantage<\/span><\/span><\/span><span class=\"split-word word13\"><span class=\"split-word-flow\"><span class=\"split-word-inner split-empty-inner\"><span class=\"split-word-empty\">&nbsp;<\/span>se<\/span><\/span><\/span><span class=\"split-word word14\"><span class=\"split-word-flow\"><span class=\"split-word-inner split-empty-inner\"><span class=\"split-word-empty\">&nbsp;<\/span>consacrer<\/span><\/span><\/span><span class=\"split-word word15\"><span class=\"split-word-flow\"><span class=\"split-word-inner split-empty-inner\"><span class=\"split-word-empty\">&nbsp;<\/span>\u00e0<\/span><\/span><\/span><span class=\"split-word word16\"><span class=\"split-word-flow\"><span class=\"split-word-inner split-empty-inner\"><span class=\"split-word-empty\">&nbsp;<\/span>leurs<\/span><\/span><\/span><span class=\"split-word word17\"><span class=\"split-word-flow\"><span class=\"split-word-inner split-empty-inner\"><span class=\"split-word-empty\">&nbsp;<\/span>missions<\/span><\/span><\/span><span class=\"split-word word18\"><span class=\"split-word-flow\"><span class=\"split-word-inner split-empty-inner\"><span class=\"split-word-empty\">&nbsp;<\/span>strat\u00e9giques.<\/span><\/span><\/span><\/span><\/h3><div><p>Dans une entreprise qui \u00e9volue, les \u00e9quipes informatiques peuvent vite \u00eatre accapar\u00e9es par un SI h\u00e9t\u00e9rog\u00e8ne en pleine mutation. Automatiser le pilotage du cycle de vie de l\u2019infrastructure et des applications s\u2019impose pour pr\u00e9server le temps allou\u00e9 \u00e0 des services \u00e0 valeur ajout\u00e9e pour l\u2019entreprise.<\/p>\n<\/div><\/div><div class=\"clear\"><\/div><\/div><\/div><\/div><\/div><\/div><\/div><script id=\"script-row-unique-1\" data-row=\"script-row-unique-1\" type=\"text\/javascript\" class=\"vc_controls\">UNCODE.initRow(document.getElementById(\"row-unique-1\"));<\/script><\/div><\/div><\/div><div data-parent=\"true\" class=\"vc_row inverted-device-order row-container\" id=\"row-unique-2\"><div class=\"row col-double-gutter quad-top-padding single-bottom-padding single-h-padding limit-width row-parent\" data-height-ratio=\"50\"><div class=\"wpb_row row-inner\"><div class=\"wpb_column pos-middle pos-center align_left column_parent col-lg-8 single-internal-gutter\"><div class=\"uncol style-light\"  ><div class=\"uncoltable\"><div class=\"uncell no-block-padding\" ><div class=\"uncont\" style=\" max-width:900px;\" ><div class=\"vc_custom_heading_wrap\"><div class=\"heading-text el-text\" ><h3 class=\"h2\" ><span>Vos <span style=\"color: #ce1126;\">Besoins<\/span><\/span><\/h3><div><p>Piloter le cycle de vie des applications associ\u00e9 au cycle de vie de l\u2019infrastructure o\u00f9 se c\u00f4toient diff\u00e9rents environnements (cloud, serveurs virtualis\u00e9s, legacy\u2026) devient toujours plus complexe, avec une multiplication des gestes de maintenance.<\/p>\n<p>Homog\u00e9n\u00e9iser l\u2019ensemble et r\u00e9duire drastiquement le temps et la complexit\u00e9 des t\u00e2ches de maintenance pour vos \u00e9quipes est d\u00e9sormais indispensable.<\/p>\n<\/div><\/div><div class=\"clear\"><\/div><\/div><\/div><\/div><\/div><\/div><\/div><div class=\"wpb_column pos-top pos-center align_left column_parent col-lg-4 single-internal-gutter\"><div class=\"uncol style-light\"  ><div class=\"uncoltable\"><div class=\"uncell no-block-padding\" ><div class=\"uncont\" ><div class=\"uncode-single-media  text-left\"><div class=\"single-wrapper\" style=\"max-width: 100%;\"><div class=\"tmb tmb-light  tmb-img-ratio tmb-media-first tmb-media-last tmb-content-overlay tmb-no-bg\"><div class=\"t-inside\"><div class=\"t-entry-visual\"><div class=\"t-entry-visual-tc\"><div class=\"uncode-single-media-wrapper\"><div class=\"dummy\" style=\"padding-top: 75.1%;\"><\/div><img decoding=\"async\" class=\"wp-image-110848\" src=\"https:\/\/mv-digital-consulting.com\/wp-content\/uploads\/2022\/05\/automatisation_1.png\" width=\"2000\" height=\"1501\" alt=\"\" srcset=\"https:\/\/mv-digital-consulting.com\/wp-content\/uploads\/2022\/05\/automatisation_1.png 2000w, https:\/\/mv-digital-consulting.com\/wp-content\/uploads\/2022\/05\/automatisation_1-300x225.png 300w, https:\/\/mv-digital-consulting.com\/wp-content\/uploads\/2022\/05\/automatisation_1-1024x769.png 1024w, https:\/\/mv-digital-consulting.com\/wp-content\/uploads\/2022\/05\/automatisation_1-768x576.png 768w, https:\/\/mv-digital-consulting.com\/wp-content\/uploads\/2022\/05\/automatisation_1-1536x1153.png 1536w, https:\/\/mv-digital-consulting.com\/wp-content\/uploads\/2022\/05\/automatisation_1-600x450.png 600w\" sizes=\"(max-width: 2000px) 100vw, 2000px\" \/><\/div>\n\t\t\t\t\t<\/div>\n\t\t\t\t<\/div><\/div><\/div><\/div><\/div><\/div><\/div><\/div><\/div><\/div><script id=\"script-row-unique-2\" data-row=\"script-row-unique-2\" type=\"text\/javascript\" class=\"vc_controls\">UNCODE.initRow(document.getElementById(\"row-unique-2\"));<\/script><\/div><\/div><\/div><div data-parent=\"true\" class=\"vc_row row-container\" id=\"row-unique-3\"><div class=\"row col-double-gutter single-top-padding double-bottom-padding single-h-padding limit-width row-parent\" data-height-ratio=\"50\"><div class=\"wpb_row row-inner\"><div class=\"wpb_column pos-top pos-center align_left column_parent col-lg-4 single-internal-gutter\"><div class=\"uncol style-light\"  ><div class=\"uncoltable\"><div class=\"uncell no-block-padding\" ><div class=\"uncont\" ><div class=\"uncode-single-media  text-left\"><div class=\"single-wrapper\" style=\"max-width: 100%;\"><div class=\"tmb tmb-light  tmb-img-ratio tmb-media-first tmb-media-last tmb-content-overlay tmb-no-bg\"><div class=\"t-inside\"><div class=\"t-entry-visual\"><div class=\"t-entry-visual-tc\"><div class=\"uncode-single-media-wrapper\"><div class=\"dummy\" style=\"padding-top: 75.1%;\"><\/div><img decoding=\"async\" class=\"wp-image-110849\" src=\"https:\/\/mv-digital-consulting.com\/wp-content\/uploads\/2022\/05\/automatisation_2.png\" width=\"2000\" height=\"1501\" alt=\"\" srcset=\"https:\/\/mv-digital-consulting.com\/wp-content\/uploads\/2022\/05\/automatisation_2.png 2000w, https:\/\/mv-digital-consulting.com\/wp-content\/uploads\/2022\/05\/automatisation_2-300x225.png 300w, https:\/\/mv-digital-consulting.com\/wp-content\/uploads\/2022\/05\/automatisation_2-1024x769.png 1024w, https:\/\/mv-digital-consulting.com\/wp-content\/uploads\/2022\/05\/automatisation_2-768x576.png 768w, https:\/\/mv-digital-consulting.com\/wp-content\/uploads\/2022\/05\/automatisation_2-1536x1153.png 1536w, https:\/\/mv-digital-consulting.com\/wp-content\/uploads\/2022\/05\/automatisation_2-600x450.png 600w\" sizes=\"(max-width: 2000px) 100vw, 2000px\" \/><\/div>\n\t\t\t\t\t<\/div>\n\t\t\t\t<\/div><\/div><\/div><\/div><\/div><\/div><\/div><\/div><\/div><\/div><div class=\"wpb_column pos-middle pos-center align_left column_parent col-lg-8 single-internal-gutter\"><div class=\"uncol style-light\"  ><div class=\"uncoltable\"><div class=\"uncell no-block-padding\" ><div class=\"uncont\" style=\" max-width:900px;\" ><div class=\"vc_custom_heading_wrap\"><div class=\"heading-text el-text\" ><h3 class=\"h2\" ><span>Nos <span style=\"color: #ce1126;\">Solutions<\/span><\/span><\/h3><div><p>L\u2019\u00e9quipe MV Digital d\u00e9di\u00e9e \u00e0 l\u2019automatisation vous accompagne sur l\u2019ensemble de votre cha\u00eene d\u2019automatisation :<\/p>\n<p>Nous menons une \u00e9tude d\u2019\u00e9ligibilit\u00e9 pour identifier les ajustements n\u00e9cessaires \u00e0 une \u00e9volution vers l\u2019automatisation,<br \/>\nNous \u00e9tudions les offres du march\u00e9 pour vous \u00e9quiper sur deux axes majeurs : Cloud Management Platform (CMP) et Configuration Management Tool (CMT). Parmi les solutions que nous pouvons pr\u00e9coniser figurent VRealize de Vmware, CSA-OO de Micro Focus ou Platforms de RedHat pour la partie CMP, SaltStack et Ansible pour la partie CMT.<\/p>\n<p>Nous installons vos solutions d\u2019automatisation et vous accompagnons dans leur prise en main.<\/p>\n<\/div><\/div><div class=\"clear\"><\/div><\/div><\/div><\/div><\/div><\/div><\/div><script id=\"script-row-unique-3\" data-row=\"script-row-unique-3\" type=\"text\/javascript\" class=\"vc_controls\">UNCODE.initRow(document.getElementById(\"row-unique-3\"));<\/script><\/div><\/div><\/div><div data-parent=\"true\" class=\"vc_row has-bg need-focus style-accent-bg row-container\" id=\"row-unique-4\"><div class=\"row unequal col-no-gutter no-top-padding no-bottom-padding no-h-padding full-width row-parent\"><div class=\"wpb_row row-inner\"><div class=\"wpb_column pos-top pos-center align_left column_parent col-lg-6 double-internal-gutter\"><div class=\"uncol style-spec style-dark animate_when_almost_visible alpha-anim\"  data-speed=\"1000\"><div class=\"uncoltable\"><div class=\"uncell quad-block-padding\" ><div class=\"uncont\" ><div class=\"vc_custom_heading_wrap\"><div class=\"heading-text el-text\" ><h3 class=\"h2\" ><span>B\u00e9n\u00e9fices<\/span><\/h3><\/div><div class=\"clear\"><\/div><\/div><div class=\"divider-wrapper  left-t-right animate_when_almost_visible\" data-delay=\"1200\" data-speed=\"600\" >\n    <hr class=\"unseparator border-color-xsdn-color separator-no-padding\"  style=\"width: 50%;border-top-width: 2px;\" \/>\n<\/div>\n<div class=\"uncode_text_column\" ><p>Vous \u00eates guid\u00e9 pour choisir les outils qui, \u00e0 la fois, lib\u00e8rent tout le potentiel d\u2019automatisation, et l\u2019optimisent : containers, hypervision, approche CI\/CD, OpenStack, etc.<\/p>\n<p>Vous \u00e9liminez de nombreuses t\u00e2ches manuelles r\u00e9p\u00e9titives et vos \u00e9quipes sont lib\u00e9r\u00e9es pour se consacrer aux missions \u00e0 plus forte valeur ajout\u00e9e.<\/p>\n<p>Vous avez la certitude que vos outils d\u2019automatisation sont adapt\u00e9s aux variables propres \u00e0 votre entreprise : prix, fonctionnalit\u00e9s, parc existant, contrats d\u00e9j\u00e0 en vigueur, etc.<\/p>\n<\/div><\/div><\/div><\/div><\/div><\/div><div class=\"wpb_column pos-top pos-center align_left column_parent col-lg-6 double-internal-gutter\"><div class=\"uncol style-light animate_when_almost_visible alpha-anim\"  data-delay=\"200\"><div class=\"uncoltable\"><div class=\"uncell quad-block-padding style-color-xsdn-bg has-bg\" ><div class=\"uncont\" ><div class=\"vc_custom_heading_wrap\"><div class=\"heading-text el-text\" ><h3 class=\"h2\" ><span>Pourquoi choisir <span style=\"color: #ce1126;\">MV Digital<\/span><\/span><\/h3><\/div><div class=\"clear\"><\/div><\/div><div class=\"divider-wrapper  left-t-right animate_when_almost_visible\" data-delay=\"1200\" data-speed=\"600\" >\n    <hr class=\"unseparator border-accent-color separator-no-padding\"  style=\"width: 50%;border-top-width: 2px;\" \/>\n<\/div>\n<div class=\"uncode_text_column\" ><p><strong>Agnostique \u2013<\/strong> Notre approche se veut totalement agnostique sur les technologies et produits, afin d\u2019apporter objectivit\u00e9 et neutralit\u00e9 dans nos accompagnements aux clients. Notre expertise porte sur les solutions communautaires opensource ainsi que sur les produits propri\u00e9taires.<\/p>\n<p><strong>Expertise pointue \u2013<\/strong> Nos consultants disposent d\u2019une expertise transverse multi-technologie, leur permettant d\u2019avoir une vue d\u2019ensemble des probl\u00e9matiques IT et d\u2019apporter le meilleur accompagnement aux projets d\u2019automatisation<\/p>\n<p><strong>Gestion du cycle de vie de bout en bout \u2013<\/strong> Nos consultants accompagnent les clients sur la gestion du cycle de vie des infrastructures, des applications et de la donn\u00e9e. Cette approche transverse permet de couvrir l\u2019ensemble des cas d\u2019usage de nos clients, garantissant une approche globale des besoins.<\/p>\n<\/div><\/div><\/div><\/div><\/div><\/div><script id=\"script-row-unique-4\" data-row=\"script-row-unique-4\" type=\"text\/javascript\" class=\"vc_controls\">UNCODE.initRow(document.getElementById(\"row-unique-4\"));<\/script><\/div><\/div><\/div>\n<\/div>","protected":false},"excerpt":{"rendered":"MODERNISATION DU DATACENTERAutomatisation&nbsp;\u2013&nbsp;OrchestrationGr\u00e2ce&nbsp;\u00e0&nbsp;l\u2019automatisation&nbsp;et&nbsp;l\u2019orchestration&nbsp;du&nbsp;datacenter,\u00a0vos&nbsp;\u00e9quipes&nbsp;IT&nbsp;peuvent&nbsp;davantage&nbsp;se&nbsp;consacrer&nbsp;\u00e0&nbsp;leurs&nbsp;missions&nbsp;strat\u00e9giques.Dans une entreprise qui \u00e9volue, les \u00e9quipes informatiques peuvent vite \u00eatre accapar\u00e9es par un SI h\u00e9t\u00e9rog\u00e8ne en pleine [...]","protected":false},"author":1,"featured_media":0,"parent":0,"menu_order":0,"comment_status":"closed","ping_status":"closed","template":"","meta":{"_exactmetrics_skip_tracking":false,"_exactmetrics_sitenote_active":false,"_exactmetrics_sitenote_note":"","_exactmetrics_sitenote_category":0,"footnotes":""},"class_list":["post-110846","page","type-page","status-publish","hentry","page_category-nos-offres"],"yoast_head":"<!-- This site is optimized with the Yoast SEO plugin v27.5 - https:\/\/yoast.com\/product\/yoast-seo-wordpress\/ -->\n<title>Automatisation \u2013 Orchestration - MV DIGITAL<\/title>\n<meta name=\"robots\" content=\"index, follow, max-snippet:-1, max-image-preview:large, max-video-preview:-1\" \/>\n<link rel=\"canonical\" href=\"https:\/\/mv-digital-consulting.com\/en\/automatisation-orchestration\/\" \/>\n<meta property=\"og:locale\" content=\"en_GB\" \/>\n<meta property=\"og:type\" content=\"article\" \/>\n<meta property=\"og:title\" content=\"Automatisation \u2013 Orchestration - MV DIGITAL\" \/>\n<meta property=\"og:url\" content=\"https:\/\/mv-digital-consulting.com\/en\/automatisation-orchestration\/\" \/>\n<meta property=\"og:site_name\" content=\"MV DIGITAL\" \/>\n<meta property=\"article:publisher\" content=\"https:\/\/www.facebook.com\/mvdigitalconsultingmonaco\" \/>\n<meta property=\"article:modified_time\" content=\"2022-06-01T15:36:00+00:00\" \/>\n<meta name=\"twitter:card\" content=\"summary_large_image\" \/>\n<meta name=\"twitter:label1\" content=\"Estimated reading time\" \/>\n\t<meta name=\"twitter:data1\" content=\"4 minutes\" \/>\n<script type=\"application\/ld+json\" class=\"yoast-schema-graph\">{\"@context\":\"https:\\\/\\\/schema.org\",\"@graph\":[{\"@type\":\"WebPage\",\"@id\":\"https:\\\/\\\/mv-digital-consulting.com\\\/automatisation-orchestration\\\/\",\"url\":\"https:\\\/\\\/mv-digital-consulting.com\\\/automatisation-orchestration\\\/\",\"name\":\"Automatisation \u2013 Orchestration - MV DIGITAL\",\"isPartOf\":{\"@id\":\"https:\\\/\\\/mv-digital-consulting.com\\\/#website\"},\"datePublished\":\"2022-05-26T13:39:59+00:00\",\"dateModified\":\"2022-06-01T15:36:00+00:00\",\"breadcrumb\":{\"@id\":\"https:\\\/\\\/mv-digital-consulting.com\\\/automatisation-orchestration\\\/#breadcrumb\"},\"inLanguage\":\"en-GB\",\"potentialAction\":[{\"@type\":\"ReadAction\",\"target\":[\"https:\\\/\\\/mv-digital-consulting.com\\\/automatisation-orchestration\\\/\"]}]},{\"@type\":\"BreadcrumbList\",\"@id\":\"https:\\\/\\\/mv-digital-consulting.com\\\/automatisation-orchestration\\\/#breadcrumb\",\"itemListElement\":[{\"@type\":\"ListItem\",\"position\":1,\"name\":\"Accueil\",\"item\":\"https:\\\/\\\/mv-digital-consulting.com\\\/\"},{\"@type\":\"ListItem\",\"position\":2,\"name\":\"Automatisation \u2013 Orchestration\"}]},{\"@type\":\"WebSite\",\"@id\":\"https:\\\/\\\/mv-digital-consulting.com\\\/#website\",\"url\":\"https:\\\/\\\/mv-digital-consulting.com\\\/\",\"name\":\"MV DIGITAL\",\"description\":\"Expert du Num\u00e9rique \u00e0 Monaco | ESN\",\"publisher\":{\"@id\":\"https:\\\/\\\/mv-digital-consulting.com\\\/#organization\"},\"potentialAction\":[{\"@type\":\"SearchAction\",\"target\":{\"@type\":\"EntryPoint\",\"urlTemplate\":\"https:\\\/\\\/mv-digital-consulting.com\\\/?s={search_term_string}\"},\"query-input\":{\"@type\":\"PropertyValueSpecification\",\"valueRequired\":true,\"valueName\":\"search_term_string\"}}],\"inLanguage\":\"en-GB\"},{\"@type\":\"Organization\",\"@id\":\"https:\\\/\\\/mv-digital-consulting.com\\\/#organization\",\"name\":\"SARL MV DIGITAL\",\"url\":\"https:\\\/\\\/mv-digital-consulting.com\\\/\",\"logo\":{\"@type\":\"ImageObject\",\"inLanguage\":\"en-GB\",\"@id\":\"https:\\\/\\\/mv-digital-consulting.com\\\/#\\\/schema\\\/logo\\\/image\\\/\",\"url\":\"https:\\\/\\\/mv-digital-consulting.com\\\/wp-content\\\/uploads\\\/2022\\\/05\\\/Logo_Black.svg\",\"contentUrl\":\"https:\\\/\\\/mv-digital-consulting.com\\\/wp-content\\\/uploads\\\/2022\\\/05\\\/Logo_Black.svg\",\"width\":1,\"height\":1,\"caption\":\"SARL MV DIGITAL\"},\"image\":{\"@id\":\"https:\\\/\\\/mv-digital-consulting.com\\\/#\\\/schema\\\/logo\\\/image\\\/\"},\"sameAs\":[\"https:\\\/\\\/www.facebook.com\\\/mvdigitalconsultingmonaco\"]}]}<\/script>\n<!-- \/ Yoast SEO plugin. -->","yoast_head_json":{"title":"Automatisation \u2013 Orchestration - MV DIGITAL","robots":{"index":"index","follow":"follow","max-snippet":"max-snippet:-1","max-image-preview":"max-image-preview:large","max-video-preview":"max-video-preview:-1"},"canonical":"https:\/\/mv-digital-consulting.com\/en\/automatisation-orchestration\/","og_locale":"en_GB","og_type":"article","og_title":"Automatisation \u2013 Orchestration - MV DIGITAL","og_url":"https:\/\/mv-digital-consulting.com\/en\/automatisation-orchestration\/","og_site_name":"MV DIGITAL","article_publisher":"https:\/\/www.facebook.com\/mvdigitalconsultingmonaco","article_modified_time":"2022-06-01T15:36:00+00:00","twitter_card":"summary_large_image","twitter_misc":{"Estimated reading time":"4 minutes"},"schema":{"@context":"https:\/\/schema.org","@graph":[{"@type":"WebPage","@id":"https:\/\/mv-digital-consulting.com\/automatisation-orchestration\/","url":"https:\/\/mv-digital-consulting.com\/automatisation-orchestration\/","name":"Automatisation \u2013 Orchestration - MV DIGITAL","isPartOf":{"@id":"https:\/\/mv-digital-consulting.com\/#website"},"datePublished":"2022-05-26T13:39:59+00:00","dateModified":"2022-06-01T15:36:00+00:00","breadcrumb":{"@id":"https:\/\/mv-digital-consulting.com\/automatisation-orchestration\/#breadcrumb"},"inLanguage":"en-GB","potentialAction":[{"@type":"ReadAction","target":["https:\/\/mv-digital-consulting.com\/automatisation-orchestration\/"]}]},{"@type":"BreadcrumbList","@id":"https:\/\/mv-digital-consulting.com\/automatisation-orchestration\/#breadcrumb","itemListElement":[{"@type":"ListItem","position":1,"name":"Accueil","item":"https:\/\/mv-digital-consulting.com\/"},{"@type":"ListItem","position":2,"name":"Automatisation \u2013 Orchestration"}]},{"@type":"WebSite","@id":"https:\/\/mv-digital-consulting.com\/#website","url":"https:\/\/mv-digital-consulting.com\/","name":"MV DIGITAL","description":"Expert du Num\u00e9rique \u00e0 Monaco | ESN","publisher":{"@id":"https:\/\/mv-digital-consulting.com\/#organization"},"potentialAction":[{"@type":"SearchAction","target":{"@type":"EntryPoint","urlTemplate":"https:\/\/mv-digital-consulting.com\/?s={search_term_string}"},"query-input":{"@type":"PropertyValueSpecification","valueRequired":true,"valueName":"search_term_string"}}],"inLanguage":"en-GB"},{"@type":"Organization","@id":"https:\/\/mv-digital-consulting.com\/#organization","name":"SARL MV DIGITAL","url":"https:\/\/mv-digital-consulting.com\/","logo":{"@type":"ImageObject","inLanguage":"en-GB","@id":"https:\/\/mv-digital-consulting.com\/#\/schema\/logo\/image\/","url":"https:\/\/mv-digital-consulting.com\/wp-content\/uploads\/2022\/05\/Logo_Black.svg","contentUrl":"https:\/\/mv-digital-consulting.com\/wp-content\/uploads\/2022\/05\/Logo_Black.svg","width":1,"height":1,"caption":"SARL MV DIGITAL"},"image":{"@id":"https:\/\/mv-digital-consulting.com\/#\/schema\/logo\/image\/"},"sameAs":["https:\/\/www.facebook.com\/mvdigitalconsultingmonaco"]}]}},"_links":{"self":[{"href":"https:\/\/mv-digital-consulting.com\/en\/wp-json\/wp\/v2\/pages\/110846","targetHints":{"allow":["GET"]}}],"collection":[{"href":"https:\/\/mv-digital-consulting.com\/en\/wp-json\/wp\/v2\/pages"}],"about":[{"href":"https:\/\/mv-digital-consulting.com\/en\/wp-json\/wp\/v2\/types\/page"}],"author":[{"embeddable":true,"href":"https:\/\/mv-digital-consulting.com\/en\/wp-json\/wp\/v2\/users\/1"}],"replies":[{"embeddable":true,"href":"https:\/\/mv-digital-consulting.com\/en\/wp-json\/wp\/v2\/comments?post=110846"}],"version-history":[{"count":5,"href":"https:\/\/mv-digital-consulting.com\/en\/wp-json\/wp\/v2\/pages\/110846\/revisions"}],"predecessor-version":[{"id":111059,"href":"https:\/\/mv-digital-consulting.com\/en\/wp-json\/wp\/v2\/pages\/110846\/revisions\/111059"}],"wp:attachment":[{"href":"https:\/\/mv-digital-consulting.com\/en\/wp-json\/wp\/v2\/media?parent=110846"}],"curies":[{"name":"wp","href":"https:\/\/api.w.org\/{rel}","templated":true}]}}