{"id":111132,"date":"2022-06-29T08:23:15","date_gmt":"2022-06-29T08:23:15","guid":{"rendered":"https:\/\/mv-digital-consulting.com\/?page_id=111132"},"modified":"2022-06-29T08:23:15","modified_gmt":"2022-06-29T08:23:15","slug":"mentions-legales","status":"publish","type":"page","link":"https:\/\/mv-digital-consulting.com\/en\/mentions-legales\/","title":{"rendered":"Mentions l\u00e9gales"},"content":{"rendered":"<p><strong>Editeur du site :<\/strong><br \/>Ce site est \u00e9dit\u00e9 par MV Digital, soci\u00e9t\u00e9 \u00e0 responsabilit\u00e9 limit\u00e9 au capital de 15.000 euros, immatricul\u00e9e au RCI Monaco sous le num\u00e9ro 21S08880, dont le si\u00e8ge social est situ\u00e9 \u00e0 Monaco Boost \u2013 4\/6 Avenue Albert II, Zone F &#8211; 98000, Monaco<br \/>T\u00e9l\u00e9phone : (+377) 92 00 20 96<br \/>Courriel : contact@mv-digital-consulting.com<\/p>\r\n<p><strong>Directeur de la publication :<\/strong><br \/>Nom : Michel Bouhnik<br \/>Courriel : contact@mv-digital-consulting.com<\/p>\r\n<p><strong>H\u00e9bergeur :<\/strong><br \/>Ce site est h\u00e9berg\u00e9 par :<br \/>IONOS\u00a0SARL, soci\u00e9t\u00e9 \u00e0 responsabilit\u00e9 limit\u00e9e, au capital\u00a0social\u00a0de 100000,00 EURO, immatricul\u00e9e au Registre du Commerce et des Soci\u00e9t\u00e9s de Sarreguemines sous le num\u00e9ro 431303775, dont le si\u00e8ge social est situ\u00e9 au 7 PL DE LA GARE, 57200 SARREGUEMINES<\/p>\r\n<p><strong>CONDITIONS D\u2019UTILISATION<\/strong><br \/>Bienvenue sur le site de MV Digital. Toute utilisation de ce site vaut acceptation sans r\u00e9serve des conditions d\u2019utilisation d\u00e9finies ci-apr\u00e8s.<br \/>MV Digital se r\u00e9serve le droit de modifier, \u00e0 tout moment et sans pr\u00e9avis, les pr\u00e9sentes conditions d\u2019utilisation et toute autre information figurant sur ce site.<\/p>\r\n<p><strong>Propri\u00e9t\u00e9 intellectuelle<\/strong><br \/>Le contenu de ce site (notamment les textes, logotypes, fichiers, textes, images fixes ou anim\u00e9es, etc.) est la propri\u00e9t\u00e9 exclusive de MV Digital, au sens du Code de la propri\u00e9t\u00e9 intellectuelle.<br \/>Toute reproduction, toute repr\u00e9sentation totale ou partielle, toute utilisation, toute adaptation, toute mise \u00e0 disposition ou modification des \u00e9l\u00e9ments composant le pr\u00e9sent site, par quelque proc\u00e9d\u00e9 ou moyen que ce soit et par quelque personne que ce soit, sans l\u2019autorisation expresse de MV Digital, est strictement interdite et constituerait une contrefa\u00e7on p\u00e9nalement sanctionn\u00e9e.<\/p>\r\n<p><strong>Disponibilit\u00e9<\/strong><br \/>MV Digital ne donne aucune garantie par rapport \u00e0 l\u2019acc\u00e8s et\/ou la disponibilit\u00e9 de ses sites internet, et ne saurait d\u00e8s lors \u00eatre tenue responsable de dommages, quelle qu\u2019en soit la nature, r\u00e9sultant d\u2019une indisponibilit\u00e9 de l\u2019un de ses sites.<\/p>\r\n<p><strong>Liens hypertextes<\/strong><br \/>Ce site peut vous proposer des liens hypertexte vers des sites externes et ind\u00e9pendants de MV Digital. Les informations alors consult\u00e9es ne rel\u00e8vent, en aucun cas, de la responsabilit\u00e9 de MV Digital.<br \/>Des liens hypertextes vers l\u2019Accueil de ce site ou ses actualit\u00e9s peuvent \u00eatre faits apr\u00e8s accord expr\u00e8s de MV Digital.<\/p>\r\n<p><strong>Limitation de responsabilit\u00e9<\/strong><br \/>Sous r\u00e9serve des dispositions l\u00e9gales imp\u00e9ratives en vigueur, MV Digital ne sera en aucun cas tenue responsable des dommages, quelle qu\u2019en soit la nature, r\u00e9sultant de ce site ou de l\u2019usage de ce site ou d\u2019autres sites ou ressources qui lui sont li\u00e9s, qui sont r\u00e9f\u00e9renc\u00e9s par lui ou accessibles par son interm\u00e9diaire, ou r\u00e9sultant de l\u2019utilisation, du t\u00e9l\u00e9chargement ou de toute autre forme d\u2019acc\u00e8s \u00e0 des documents, informations, produits ou services, notamment, et de fa\u00e7on non limitative, de tout pr\u00e9judice financier ou commercial, interruption d\u2019activit\u00e9 ou perte de programmes ou de donn\u00e9es.<\/p>","protected":false},"excerpt":{"rendered":"<p>Editeur du site :Ce site est \u00e9dit\u00e9 par MV Digital, soci\u00e9t\u00e9 \u00e0 responsabilit\u00e9 limit\u00e9 au capital de 15.000 euros, immatricul\u00e9e [&hellip;]<\/p>\n","protected":false},"author":1,"featured_media":0,"parent":0,"menu_order":0,"comment_status":"closed","ping_status":"closed","template":"","meta":{"_exactmetrics_skip_tracking":false,"_exactmetrics_sitenote_active":false,"_exactmetrics_sitenote_note":"","_exactmetrics_sitenote_category":0,"footnotes":""},"class_list":["post-111132","page","type-page","status-publish","hentry"],"yoast_head":"<!-- This site is optimized with the Yoast SEO plugin v27.3 - https:\/\/yoast.com\/product\/yoast-seo-wordpress\/ -->\n<title>Mentions l\u00e9gales - MV DIGITAL<\/title>\n<meta name=\"robots\" content=\"index, follow, max-snippet:-1, max-image-preview:large, max-video-preview:-1\" \/>\n<link rel=\"canonical\" href=\"https:\/\/mv-digital-consulting.com\/en\/mentions-legales\/\" \/>\n<meta property=\"og:locale\" content=\"en_GB\" \/>\n<meta property=\"og:type\" content=\"article\" \/>\n<meta property=\"og:title\" content=\"Mentions l\u00e9gales - MV DIGITAL\" \/>\n<meta property=\"og:description\" content=\"Editeur du site :Ce site est \u00e9dit\u00e9 par MV Digital, soci\u00e9t\u00e9 \u00e0 responsabilit\u00e9 limit\u00e9 au capital de 15.000 euros, immatricul\u00e9e [&hellip;]\" \/>\n<meta property=\"og:url\" content=\"https:\/\/mv-digital-consulting.com\/en\/mentions-legales\/\" \/>\n<meta property=\"og:site_name\" content=\"MV DIGITAL\" \/>\n<meta property=\"article:publisher\" content=\"https:\/\/www.facebook.com\/mvdigitalconsultingmonaco\" \/>\n<meta name=\"twitter:card\" content=\"summary_large_image\" \/>\n<meta name=\"twitter:label1\" content=\"Estimated reading time\" \/>\n\t<meta name=\"twitter:data1\" content=\"3 minutes\" \/>\n<script type=\"application\/ld+json\" class=\"yoast-schema-graph\">{\"@context\":\"https:\\\/\\\/schema.org\",\"@graph\":[{\"@type\":\"WebPage\",\"@id\":\"https:\\\/\\\/mv-digital-consulting.com\\\/mentions-legales\\\/\",\"url\":\"https:\\\/\\\/mv-digital-consulting.com\\\/mentions-legales\\\/\",\"name\":\"Mentions l\u00e9gales - MV DIGITAL\",\"isPartOf\":{\"@id\":\"https:\\\/\\\/mv-digital-consulting.com\\\/#website\"},\"datePublished\":\"2022-06-29T08:23:15+00:00\",\"breadcrumb\":{\"@id\":\"https:\\\/\\\/mv-digital-consulting.com\\\/mentions-legales\\\/#breadcrumb\"},\"inLanguage\":\"en-GB\",\"potentialAction\":[{\"@type\":\"ReadAction\",\"target\":[\"https:\\\/\\\/mv-digital-consulting.com\\\/mentions-legales\\\/\"]}]},{\"@type\":\"BreadcrumbList\",\"@id\":\"https:\\\/\\\/mv-digital-consulting.com\\\/mentions-legales\\\/#breadcrumb\",\"itemListElement\":[{\"@type\":\"ListItem\",\"position\":1,\"name\":\"Accueil\",\"item\":\"https:\\\/\\\/mv-digital-consulting.com\\\/\"},{\"@type\":\"ListItem\",\"position\":2,\"name\":\"Mentions l\u00e9gales\"}]},{\"@type\":\"WebSite\",\"@id\":\"https:\\\/\\\/mv-digital-consulting.com\\\/#website\",\"url\":\"https:\\\/\\\/mv-digital-consulting.com\\\/\",\"name\":\"MV DIGITAL\",\"description\":\"Expert du Num\u00e9rique \u00e0 Monaco | ESN\",\"publisher\":{\"@id\":\"https:\\\/\\\/mv-digital-consulting.com\\\/#organization\"},\"potentialAction\":[{\"@type\":\"SearchAction\",\"target\":{\"@type\":\"EntryPoint\",\"urlTemplate\":\"https:\\\/\\\/mv-digital-consulting.com\\\/?s={search_term_string}\"},\"query-input\":{\"@type\":\"PropertyValueSpecification\",\"valueRequired\":true,\"valueName\":\"search_term_string\"}}],\"inLanguage\":\"en-GB\"},{\"@type\":\"Organization\",\"@id\":\"https:\\\/\\\/mv-digital-consulting.com\\\/#organization\",\"name\":\"SARL MV DIGITAL\",\"url\":\"https:\\\/\\\/mv-digital-consulting.com\\\/\",\"logo\":{\"@type\":\"ImageObject\",\"inLanguage\":\"en-GB\",\"@id\":\"https:\\\/\\\/mv-digital-consulting.com\\\/#\\\/schema\\\/logo\\\/image\\\/\",\"url\":\"https:\\\/\\\/mv-digital-consulting.com\\\/wp-content\\\/uploads\\\/2022\\\/05\\\/Logo_Black.svg\",\"contentUrl\":\"https:\\\/\\\/mv-digital-consulting.com\\\/wp-content\\\/uploads\\\/2022\\\/05\\\/Logo_Black.svg\",\"width\":1,\"height\":1,\"caption\":\"SARL MV DIGITAL\"},\"image\":{\"@id\":\"https:\\\/\\\/mv-digital-consulting.com\\\/#\\\/schema\\\/logo\\\/image\\\/\"},\"sameAs\":[\"https:\\\/\\\/www.facebook.com\\\/mvdigitalconsultingmonaco\"]}]}<\/script>\n<!-- \/ Yoast SEO plugin. -->","yoast_head_json":{"title":"Mentions l\u00e9gales - MV DIGITAL","robots":{"index":"index","follow":"follow","max-snippet":"max-snippet:-1","max-image-preview":"max-image-preview:large","max-video-preview":"max-video-preview:-1"},"canonical":"https:\/\/mv-digital-consulting.com\/en\/mentions-legales\/","og_locale":"en_GB","og_type":"article","og_title":"Mentions l\u00e9gales - MV DIGITAL","og_description":"Editeur du site :Ce site est \u00e9dit\u00e9 par MV Digital, soci\u00e9t\u00e9 \u00e0 responsabilit\u00e9 limit\u00e9 au capital de 15.000 euros, immatricul\u00e9e [&hellip;]","og_url":"https:\/\/mv-digital-consulting.com\/en\/mentions-legales\/","og_site_name":"MV DIGITAL","article_publisher":"https:\/\/www.facebook.com\/mvdigitalconsultingmonaco","twitter_card":"summary_large_image","twitter_misc":{"Estimated reading time":"3 minutes"},"schema":{"@context":"https:\/\/schema.org","@graph":[{"@type":"WebPage","@id":"https:\/\/mv-digital-consulting.com\/mentions-legales\/","url":"https:\/\/mv-digital-consulting.com\/mentions-legales\/","name":"Mentions l\u00e9gales - MV DIGITAL","isPartOf":{"@id":"https:\/\/mv-digital-consulting.com\/#website"},"datePublished":"2022-06-29T08:23:15+00:00","breadcrumb":{"@id":"https:\/\/mv-digital-consulting.com\/mentions-legales\/#breadcrumb"},"inLanguage":"en-GB","potentialAction":[{"@type":"ReadAction","target":["https:\/\/mv-digital-consulting.com\/mentions-legales\/"]}]},{"@type":"BreadcrumbList","@id":"https:\/\/mv-digital-consulting.com\/mentions-legales\/#breadcrumb","itemListElement":[{"@type":"ListItem","position":1,"name":"Accueil","item":"https:\/\/mv-digital-consulting.com\/"},{"@type":"ListItem","position":2,"name":"Mentions l\u00e9gales"}]},{"@type":"WebSite","@id":"https:\/\/mv-digital-consulting.com\/#website","url":"https:\/\/mv-digital-consulting.com\/","name":"MV DIGITAL","description":"Expert du Num\u00e9rique \u00e0 Monaco | ESN","publisher":{"@id":"https:\/\/mv-digital-consulting.com\/#organization"},"potentialAction":[{"@type":"SearchAction","target":{"@type":"EntryPoint","urlTemplate":"https:\/\/mv-digital-consulting.com\/?s={search_term_string}"},"query-input":{"@type":"PropertyValueSpecification","valueRequired":true,"valueName":"search_term_string"}}],"inLanguage":"en-GB"},{"@type":"Organization","@id":"https:\/\/mv-digital-consulting.com\/#organization","name":"SARL MV DIGITAL","url":"https:\/\/mv-digital-consulting.com\/","logo":{"@type":"ImageObject","inLanguage":"en-GB","@id":"https:\/\/mv-digital-consulting.com\/#\/schema\/logo\/image\/","url":"https:\/\/mv-digital-consulting.com\/wp-content\/uploads\/2022\/05\/Logo_Black.svg","contentUrl":"https:\/\/mv-digital-consulting.com\/wp-content\/uploads\/2022\/05\/Logo_Black.svg","width":1,"height":1,"caption":"SARL MV DIGITAL"},"image":{"@id":"https:\/\/mv-digital-consulting.com\/#\/schema\/logo\/image\/"},"sameAs":["https:\/\/www.facebook.com\/mvdigitalconsultingmonaco"]}]}},"_links":{"self":[{"href":"https:\/\/mv-digital-consulting.com\/en\/wp-json\/wp\/v2\/pages\/111132","targetHints":{"allow":["GET"]}}],"collection":[{"href":"https:\/\/mv-digital-consulting.com\/en\/wp-json\/wp\/v2\/pages"}],"about":[{"href":"https:\/\/mv-digital-consulting.com\/en\/wp-json\/wp\/v2\/types\/page"}],"author":[{"embeddable":true,"href":"https:\/\/mv-digital-consulting.com\/en\/wp-json\/wp\/v2\/users\/1"}],"replies":[{"embeddable":true,"href":"https:\/\/mv-digital-consulting.com\/en\/wp-json\/wp\/v2\/comments?post=111132"}],"version-history":[{"count":2,"href":"https:\/\/mv-digital-consulting.com\/en\/wp-json\/wp\/v2\/pages\/111132\/revisions"}],"predecessor-version":[{"id":111142,"href":"https:\/\/mv-digital-consulting.com\/en\/wp-json\/wp\/v2\/pages\/111132\/revisions\/111142"}],"wp:attachment":[{"href":"https:\/\/mv-digital-consulting.com\/en\/wp-json\/wp\/v2\/media?parent=111132"}],"curies":[{"name":"wp","href":"https:\/\/api.w.org\/{rel}","templated":true}]}}