{"id":111138,"date":"2022-06-29T08:47:08","date_gmt":"2022-06-29T08:47:08","guid":{"rendered":"https:\/\/mv-digital-consulting.com\/?page_id=111138"},"modified":"2022-06-29T08:54:04","modified_gmt":"2022-06-29T08:54:04","slug":"charte-de-gestion-des-cookies","status":"publish","type":"page","link":"https:\/\/mv-digital-consulting.com\/en\/charte-de-gestion-des-cookies\/","title":{"rendered":"Charte de gestion des cookies"},"content":{"rendered":"<p>Pour am\u00e9liorer votre navigation sur notre site, nous utilisons des cookies dits \u00ab techniques \u00bb et \u00ab fonctionnels \u00bb d\u00e9pos\u00e9s sur votre terminal.<\/p>\r\n<p>Nous utilisons \u00e9galement des cookies destin\u00e9s \u00e0 mesurer l\u2019audience de notre site.<\/p>\r\n<p>Par ailleurs, certaines fonctionnalit\u00e9s de notre site (partage de contenus sur les r\u00e9seaux sociaux, lecture directe de vid\u00e9os) d\u00e9posent des cookies permettant notamment \u00e0 des sites tiers de tracer votre navigation.<\/p>\r\n<p>Enfin, des tiers partenaires peuvent \u00e9galement d\u00e9poser des cookies aux fins de nous permettre de vous adresser de la publicit\u00e9 cibl\u00e9e en fonction de vos centres d\u2019int\u00e9r\u00eat et pr\u00e9f\u00e9rence.<\/p>\r\n<p><strong>VOTRE CONSENTEMENT ET VOTRE MAITRISE DES COOKIES DEPOSES SUR VOTRE TERMINAL<\/strong><\/p>\r\n<p>Vous pouvez vous informer sur la nature des cookies d\u00e9pos\u00e9s, les accepter ou les refuser soit globalement pour l\u2019ensemble du site et l\u2019ensemble des services, soit service par service.<\/p>\r\n<p>Par d\u00e9faut, en poursuivant votre navigation sur notre site, vous consentez au d\u00e9p\u00f4t de tous les cookies tels que d\u00e9crits ci-apr\u00e8s. Vous pouvez n\u00e9anmoins \u00e0 tout moment revenir sur votre consentement et REFUSER le d\u00e9p\u00f4t de tel ou tel cookies, via notre gestionnaire de cookies\u00a0<strong>Cookiebot<\/strong><\/p>\r\n<p><a href=\"https:\/\/www.cnil.fr\/fr\/cookies-les-outils-pour-les-maitriser\">En savoir plus sur les cookies, leur fonctionnement et les moyens de s\u2019y opposer<\/a><\/p>\r\n<p><strong>QU\u2019EST-CE QU\u2019UN COOKIE ?<\/strong><\/p>\r\n<p>Un cookie est un petit fichier texte d\u00e9pos\u00e9 sur le disque dur de votre terminal lors de votre visite sur un site internet.<\/p>\r\n<p>Il enregistre certaines informations sur votre navigation ou sur votre comportement en ligne.<\/p>\r\n<p><strong>A QUOI SERVENT LES COOKIES ?<\/strong><\/p>\r\n<p>Les cookies utilis\u00e9s sur notre site servent \u00e0 vous diff\u00e9rencier pour am\u00e9liorer votre navigation et les services que nous vous proposons.<\/p>\r\n<p>En pratique, les cookies techniques nous permettent de vous authentifier, de vous identifier, d\u2019acc\u00e9l\u00e9rer votre navigation sur notre site et l\u2019acc\u00e8s \u00e0 ses diff\u00e9rentes fonctionnalit\u00e9s.<\/p>\r\n<p>D\u2019autres cookies de mesure d\u2019audience et traceurs peuvent nous servir \u00e0 \u00e9tablir des statistiques d\u2019audience de notre site, afin de nous am\u00e9liorer et de vous proposer toujours plus de confort dans la visite de notre site, et \u00e0 vous des publicit\u00e9s et offres promotionnelles cibl\u00e9es en fonction de votre navigation.<\/p>\r\n<p><strong>TROIS TYPES DE COOKIES SONT D\u00c9POS\u00c9S SUR NOTRE SITE<\/strong><\/p>\r\n<p>Cookies internes n\u00e9cessaires au bon fonctionnement du site. Ces cookies permettent \u00e0 notre site de fonctionner de mani\u00e8re optimale et d\u2019am\u00e9liorer votre navigation. Plus de d\u00e9tails :<\/p>\r\n<table width=\"601\">\r\n<tbody>\r\n<tr>\r\n<td><strong>Type de Cookie<\/strong><\/td>\r\n<td><strong>Nom du Cookie<\/strong><\/td>\r\n<td><strong>Finalit\u00e9 du cookie<\/strong><\/td>\r\n<\/tr>\r\n<tr>\r\n<td rowspan=\"2\">\r\n<p>Preferences<\/p>\r\n<p>&nbsp;<\/p>\r\n<\/td>\r\n<td>lang<\/td>\r\n<td>se souvient de la version linguistique d\u2019un site Web<\/td>\r\n<\/tr>\r\n<tr>\r\n<td>wfvt_#<\/td>\r\n<td>Se souvient de donn\u00e9es soumises par l\u2019utilisateur quand un commentaire est pr\u00e9sent\u00e9 dans un billet de blogue. Expire \u00e0 la session.<\/td>\r\n<\/tr>\r\n<tr>\r\n<td rowspan=\"4\">Statistics<\/td>\r\n<td>@@History\/@@scroll|#<\/td>\r\n<td>Non classifi\u00e9<\/td>\r\n<\/tr>\r\n<tr>\r\n<td>_ga<\/td>\r\n<td>Utilis\u00e9 par Google Analytics pour attribuer un cookie unique et d\u00e9finir la notion d\u2019utilisateur. Ce cookie enregistre un identifiant unique utilis\u00e9 pour g\u00e9n\u00e9rer des donn\u00e9es statistiques sur la fa\u00e7on dont le visiteur utilise le site. Les donn\u00e9es des cookies sont h\u00e9berg\u00e9es aux USA et conserv\u00e9es pour une dur\u00e9e de\u00a0<strong>13 mois<\/strong>.<\/td>\r\n<\/tr>\r\n<tr>\r\n<td>_gat<\/td>\r\n<td>Utilis\u00e9 par Google Analytics pour diminuer radicalement le taux de requ\u00eates. Les donn\u00e9es des cookies sont h\u00e9berg\u00e9es aux USA et conserv\u00e9es pour une dur\u00e9e de\u00a0<strong>10 min.<\/strong><\/td>\r\n<\/tr>\r\n<tr>\r\n<td>_gid<\/td>\r\n<td>Utilis\u00e9 par Google Analytics. Attribue un num\u00e9ro unique pour g\u00e9n\u00e9rer des statistiques d\u2019usage du site Internet. Ce cookie enregistre un identifiant unique utilis\u00e9 pour g\u00e9n\u00e9rer des donn\u00e9es statistiques sur la fa\u00e7on dont le visiteur utilise le site. Les donn\u00e9es des cookies sont h\u00e9berg\u00e9es aux USA et conserv\u00e9es pour une dur\u00e9e de\u00a0<strong>13 mois.\u00a0<\/strong><\/td>\r\n<\/tr>\r\n<tr>\r\n<td rowspan=\"3\">Marketing<\/td>\r\n<td>i\/jot\/syndication<\/td>\r\n<td>Non classifi\u00e9<\/td>\r\n<\/tr>\r\n<tr>\r\n<td>NID<\/td>\r\n<td>Le cookie NID contient un ID unique permettant \u00e0 Google d\u2019enregistrer vos pr\u00e9f\u00e9rences et d\u2019autres informations, notamment votre langue pr\u00e9f\u00e9r\u00e9e (par exemple, le fran\u00e7ais), le nombre de r\u00e9sultats de recherche \u00e0 afficher par page (par exemple, 10 ou 20) et l\u2019\u00e9tat souhait\u00e9 pour le filtre SafeSearch de Google (activ\u00e9 ou d\u00e9sactiv\u00e9). Dur\u00e9e de vie :\u00a0<strong>6 mois<\/strong><\/td>\r\n<\/tr>\r\n<tr>\r\n<td>r\/collect<\/td>\r\n<td>Collecte des donn\u00e9es pour mesurer l\u2019efficacit\u00e9 des annonces visualis\u00e9es ou cliqu\u00e9es et affiche des annonces cibl\u00e9es.<\/td>\r\n<\/tr>\r\n<tr>\r\n<td rowspan=\"3\">Non classifi\u00e9s<\/td>\r\n<td>inbound_referral_site<\/td>\r\n<td>Non classifi\u00e9<\/td>\r\n<\/tr>\r\n<tr>\r\n<td>lead_session<\/td>\r\n<td>Non classifi\u00e9<\/td>\r\n<\/tr>\r\n<tr>\r\n<td>wordfence_verifiedHuman<\/td>\r\n<td>Non classifi\u00e9<\/td>\r\n<\/tr>\r\n<tr>\r\n<td>\u00a0<\/td>\r\n<td>wp_lead_uid<\/td>\r\n<td>Non classifi\u00e9<\/td>\r\n<\/tr>\r\n<\/tbody>\r\n<\/table>\r\n<p>Les\u00a0<strong>cookies de pr\u00e9f\u00e9rence<\/strong>\u00a0permettent \u00e0 un site Web de m\u00e9moriser des informations qui modifient son comportement ou son apparence, telles que votre langue pr\u00e9f\u00e9r\u00e9e ou la r\u00e9gion dans laquelle vous vous trouvez.<\/p>\r\n<p>Les\u00a0<strong>cookies statistiques<\/strong>\u00a0aident les propri\u00e9taires de sites Web \u00e0 comprendre comment les visiteurs interagissent avec les sites Web en collectant et en communiquant des informations de mani\u00e8re anonyme.<\/p>\r\n<p>Les\u00a0<strong>cookies de marketing<\/strong>\u00a0sont utilis\u00e9s pour suivre les visiteurs sur les sites Web. L\u2019intention est d\u2019afficher des annonces pertinentes et attrayantes pour l\u2019utilisateur individuel, et donc plus utiles pour les \u00e9diteurs et les annonceurs tiers.<\/p>\r\n<p>Les\u00a0<strong>cookies non classifi\u00e9s<\/strong>\u00a0sont des cookies que nous sommes en train de classer, ainsi que les fournisseurs de cookies individuels.Contr\u00f4les du navigateur. En r\u00e8gle g\u00e9n\u00e9rale, les cookies am\u00e9liorent votre exp\u00e9rience de navigation. Cependant, vous pr\u00e9f\u00e9rerez peut-\u00eatre d\u00e9sactiver les cookies sur ce site et sur d\u2019autres. Pour ce faire, le moyen le plus efficace consiste \u00e0 d\u00e9sactiver les cookies dans votre navigateur. Nous vous sugg\u00e9rons de consulter la section Aide de votre navigateur ou de consulter le site Web<\/p>\r\n<p>\u00c0 propos des cookies qui propose des conseils \u00e0 tous les navigateurs modernes. Veuillez noter que la d\u00e9sactivation des cookies peut vous emp\u00eacher de tirer pleinement parti du site Web.<\/p>\r\n<p>Vous pouvez vous y opposer et les supprimer en utilisant les param\u00e8tres de votre navigateur, cependant votre exp\u00e9rience utilisateur risque d\u2019\u00eatre d\u00e9grad\u00e9e.<\/p>\r\n<p><strong>Comment vous opposer \u00e0 l\u2019installation de ces cookies ou les supprimer<\/strong><\/p>\r\n<p>Sur vos ordinateurs, Smartphones et autres terminaux d\u2019acc\u00e8s \u00e0 Internet, par d\u00e9faut le logiciel de navigation accepte les cookies pr\u00e9sents sur les sites internet.<\/p>\r\n<p>Mais vous restez ma\u00eetre de l\u2019installation de ces cookies car, outre les possibilit\u00e9s qui vous sont donn\u00e9es ci-dessus de d\u00e9sactiver nos cookies, vous avez \u00e9galement la possibilit\u00e9 de configurer votre logiciel de navigation pour :<\/p>\r\n<ul>\r\n<li>\u00a0accepter ou refuser les cookies se trouvant sur le SITE<\/li>\r\n<li>\u00a0refuser syst\u00e9matiquement tous les cookies<\/li>\r\n<li>demander \u00e0 ce que votre consentement soit requis pour chacun des cookies que vous rencontrez lors de votre navigation sur internet.<\/li>\r\n<\/ul>\r\n<p>Pour ce faire, il vous suffit de vous reporter \u00e0 vos logiciels de navigation et de suivre leurs instructions. A titre d\u2019exemple :<\/p>\r\n<ul>\r\n<li>Avec\u00a0<strong>Internet Explorer<\/strong>\u2122 : menu Outils \u25ba Options internet \u25ba Onglet Confidentialit\u00e9 \u25ba choisissez le niveau souhait\u00e9<\/li>\r\n<li>Avec\u00a0<strong>Firefox<\/strong>\u2122 : menu Outils \u25ba Options \u25ba Onglet Vie priv\u00e9e \u25ba choisissez les options souhait\u00e9es<\/li>\r\n<li>Avec\u00a0<strong>Chrome<\/strong>\u2122 : menu de configuration (logo param\u00e8tres) \u25ba Param\u00e8tres \u25ba Param\u00e8tres avanc\u00e9s \u25ba Param\u00e8tres de contenu \u25ba Choisissez les options souhait\u00e9es<\/li>\r\n<li>Avec\u00a0<strong>Safari<\/strong>\u2122 : Safari (logo param\u00e8tres) \u25ba Pr\u00e9f\u00e9rences \u25ba S\u00e9curit\u00e9 \u25ba Afficher les cookies \u25ba Choisissez les options souhait\u00e9es<\/li>\r\n<li>Avec\u00a0<strong>Opera<\/strong>\u2122 : menu Outils \u25ba Pr\u00e9f\u00e9rences \u25ba Onglet Avanc\u00e9 \u25ba Rubrique Cookies \u25ba G\u00e9rer les cookies \u25ba Choisissez les options souhait\u00e9es<\/li>\r\n<\/ul>\r\n<p>Comme indiqu\u00e9 pr\u00e9c\u00e9demment, en choisissant de bloquer nos cookies techniques et fonctionnels, vous risquez de voir la navigation sur notre SITE et\/ou l\u2019utilisation de certaines de ses fonctionnalit\u00e9s alt\u00e9r\u00e9es.<\/p>\r\n<p><a href=\"https:\/\/www.cnil.fr\/fr\/cookies-les-outils-pour-les-maitriser\">En savoir plus sur les cookies, leur fonctionnement et les moyens de s\u2019y opposer<\/a><\/p>\r\n<p><strong>Cookies de mesure d\u2019audience<\/strong><\/p>\r\n<p>En vue d\u2019adapter notre site \u00e0 vos demandes et besoins, nous mesurons le nombre de visites, le nombre de pages vues ainsi que votre activit\u00e9 sur notre site et votre fr\u00e9quence de retour, gr\u00e2ce \u00e0 l\u2019outil Google Analytics.<\/p>\r\n<p>Pour plus de d\u00e9tail et pour accepter ou refuser ce type de cookies, nous vous invitons \u00e0 utiliser notre gestionnaire de cookies\u00a0<strong>Cookiebot<\/strong><\/p>\r\n<p><strong>Cookies tiers \u00e0 des fins publicitaires<\/strong><\/p>\r\n<p>Ces cookies nous permettent d\u2019adapter nos publicit\u00e9s et nos offres promotionnelles en fonction de votre navigation et de vos centres d\u2019int\u00e9r\u00eats.<\/p>\r\n<p>Pour plus de d\u00e9tail et pour accepter ou refuser ce type de cookies, nous vous invitons \u00e0 utiliser notre gestionnaire de cookies\u00a0<strong>Cookiebot<\/strong><\/p>\r\n<p><strong>Cookies tiers destin\u00e9s \u00e0 am\u00e9liorer l\u2019interactivit\u00e9 de notre site<\/strong><\/p>\r\n<p>Notre Site utilise certains services propos\u00e9s par des sites tiers qui engendrent le d\u00e9p\u00f4t de cookies tiers par ces services. Il s\u2019agit notamment des boutons de partages Twitter, Linkedin, Youtube, Vim\u00e9o et des listes de tweets (Twitter) et des vid\u00e9os pr\u00e9sents sur notre site.<\/p>\r\n<p>Pour plus de d\u00e9tail et pour accepter ou refuser ce type de cookies, nous vous invitons \u00e0 utiliser notre gestionnaire de cookies Cookiebot<\/p>\r\n<p><strong>DUR\u00c9E DE CONSERVATION<\/strong><\/p>\r\n<p>En tout \u00e9tat de cause, les cookies stock\u00e9s dans votre terminal ou tout autre \u00e9l\u00e9ment utilis\u00e9 pour vous identifier \u00e0 des fins de statistiques d\u2019audience ou publicitaires auront une dur\u00e9e de vie limit\u00e9e \u00e0 13 mois maximum, cette dur\u00e9e n\u2019\u00e9tant pas prorog\u00e9e automatiquement lors de vos nouvelles visites sur le SITE.<\/p>\r\n<p>Au-del\u00e0, les donn\u00e9es de fr\u00e9quentation brutes associ\u00e9es \u00e0 un identifiant sont soit supprim\u00e9es soit anonymis\u00e9es.<\/p>\r\n<p><strong>VOS DROITS<\/strong><\/p>\r\n<p>Outre votre droit de revenir \u00e0 tout moment sur votre consentement \u00e0 ce que tel ou tel cookie soit d\u00e9pos\u00e9 sur votre terminal, vous pouvez exercer vos droits d\u2019acc\u00e8s, de rectification, d\u2019effacement ou de portabilit\u00e9 de leurs donn\u00e9es ou qu\u2019elles peuvent s\u2019opposer au traitement de leurs donn\u00e9es par MV Digital (ou en demander la limitation), ou bien encore, d\u00e9finir le sort de leurs donn\u00e9es trait\u00e9es par MV Digital apr\u00e8s leur mort. par mail \u00e0 contact@mv-digital-consulting.com, soit par courrier, \u00e0 MV Digital, Monaco Boost, 4\/6 Avenue Albert II, Zone F \u2013 98000, Monaco ; et ce, en justifiant de votre identit\u00e9 par tous moyens.<\/p>\r\n<p>Pour en savoir plus sur notre gestion de vos donn\u00e9es \u00e0 caract\u00e8re personnel, consultez notre\u00a0<a href=\"https:\/\/mv-digital-consulting.com\/en\/politique-de-confidentialite\/\">politique de confidentialit\u00e9<\/a>.<\/p>","protected":false},"excerpt":{"rendered":"<p>Pour am\u00e9liorer votre navigation sur notre site, nous utilisons des cookies dits \u00ab techniques \u00bb et \u00ab fonctionnels \u00bb d\u00e9pos\u00e9s [&hellip;]<\/p>\n","protected":false},"author":1,"featured_media":0,"parent":0,"menu_order":0,"comment_status":"closed","ping_status":"closed","template":"","meta":{"_exactmetrics_skip_tracking":false,"_exactmetrics_sitenote_active":false,"_exactmetrics_sitenote_note":"","_exactmetrics_sitenote_category":0,"footnotes":""},"class_list":["post-111138","page","type-page","status-publish","hentry"],"yoast_head":"<!-- This site is optimized with the Yoast SEO plugin v27.3 - https:\/\/yoast.com\/product\/yoast-seo-wordpress\/ -->\n<title>Charte de gestion des cookies - MV DIGITAL<\/title>\n<meta name=\"robots\" content=\"index, follow, max-snippet:-1, max-image-preview:large, max-video-preview:-1\" \/>\n<link rel=\"canonical\" href=\"https:\/\/mv-digital-consulting.com\/en\/charte-de-gestion-des-cookies\/\" \/>\n<meta property=\"og:locale\" content=\"en_GB\" \/>\n<meta property=\"og:type\" content=\"article\" \/>\n<meta property=\"og:title\" content=\"Charte de gestion des cookies - MV DIGITAL\" \/>\n<meta property=\"og:description\" content=\"Pour am\u00e9liorer votre navigation sur notre site, nous utilisons des cookies dits \u00ab techniques \u00bb et \u00ab fonctionnels \u00bb d\u00e9pos\u00e9s [&hellip;]\" \/>\n<meta property=\"og:url\" content=\"https:\/\/mv-digital-consulting.com\/en\/charte-de-gestion-des-cookies\/\" \/>\n<meta property=\"og:site_name\" content=\"MV DIGITAL\" \/>\n<meta property=\"article:publisher\" content=\"https:\/\/www.facebook.com\/mvdigitalconsultingmonaco\" \/>\n<meta property=\"article:modified_time\" content=\"2022-06-29T08:54:04+00:00\" \/>\n<meta name=\"twitter:card\" content=\"summary_large_image\" \/>\n<meta name=\"twitter:label1\" content=\"Estimated reading time\" \/>\n\t<meta name=\"twitter:data1\" content=\"8 minutes\" \/>\n<script type=\"application\/ld+json\" class=\"yoast-schema-graph\">{\"@context\":\"https:\\\/\\\/schema.org\",\"@graph\":[{\"@type\":\"WebPage\",\"@id\":\"https:\\\/\\\/mv-digital-consulting.com\\\/charte-de-gestion-des-cookies\\\/\",\"url\":\"https:\\\/\\\/mv-digital-consulting.com\\\/charte-de-gestion-des-cookies\\\/\",\"name\":\"Charte de gestion des cookies - MV DIGITAL\",\"isPartOf\":{\"@id\":\"https:\\\/\\\/mv-digital-consulting.com\\\/#website\"},\"datePublished\":\"2022-06-29T08:47:08+00:00\",\"dateModified\":\"2022-06-29T08:54:04+00:00\",\"breadcrumb\":{\"@id\":\"https:\\\/\\\/mv-digital-consulting.com\\\/charte-de-gestion-des-cookies\\\/#breadcrumb\"},\"inLanguage\":\"en-GB\",\"potentialAction\":[{\"@type\":\"ReadAction\",\"target\":[\"https:\\\/\\\/mv-digital-consulting.com\\\/charte-de-gestion-des-cookies\\\/\"]}]},{\"@type\":\"BreadcrumbList\",\"@id\":\"https:\\\/\\\/mv-digital-consulting.com\\\/charte-de-gestion-des-cookies\\\/#breadcrumb\",\"itemListElement\":[{\"@type\":\"ListItem\",\"position\":1,\"name\":\"Accueil\",\"item\":\"https:\\\/\\\/mv-digital-consulting.com\\\/\"},{\"@type\":\"ListItem\",\"position\":2,\"name\":\"Charte de gestion des cookies\"}]},{\"@type\":\"WebSite\",\"@id\":\"https:\\\/\\\/mv-digital-consulting.com\\\/#website\",\"url\":\"https:\\\/\\\/mv-digital-consulting.com\\\/\",\"name\":\"MV DIGITAL\",\"description\":\"Expert du Num\u00e9rique \u00e0 Monaco | ESN\",\"publisher\":{\"@id\":\"https:\\\/\\\/mv-digital-consulting.com\\\/#organization\"},\"potentialAction\":[{\"@type\":\"SearchAction\",\"target\":{\"@type\":\"EntryPoint\",\"urlTemplate\":\"https:\\\/\\\/mv-digital-consulting.com\\\/?s={search_term_string}\"},\"query-input\":{\"@type\":\"PropertyValueSpecification\",\"valueRequired\":true,\"valueName\":\"search_term_string\"}}],\"inLanguage\":\"en-GB\"},{\"@type\":\"Organization\",\"@id\":\"https:\\\/\\\/mv-digital-consulting.com\\\/#organization\",\"name\":\"SARL MV DIGITAL\",\"url\":\"https:\\\/\\\/mv-digital-consulting.com\\\/\",\"logo\":{\"@type\":\"ImageObject\",\"inLanguage\":\"en-GB\",\"@id\":\"https:\\\/\\\/mv-digital-consulting.com\\\/#\\\/schema\\\/logo\\\/image\\\/\",\"url\":\"https:\\\/\\\/mv-digital-consulting.com\\\/wp-content\\\/uploads\\\/2022\\\/05\\\/Logo_Black.svg\",\"contentUrl\":\"https:\\\/\\\/mv-digital-consulting.com\\\/wp-content\\\/uploads\\\/2022\\\/05\\\/Logo_Black.svg\",\"width\":1,\"height\":1,\"caption\":\"SARL MV DIGITAL\"},\"image\":{\"@id\":\"https:\\\/\\\/mv-digital-consulting.com\\\/#\\\/schema\\\/logo\\\/image\\\/\"},\"sameAs\":[\"https:\\\/\\\/www.facebook.com\\\/mvdigitalconsultingmonaco\"]}]}<\/script>\n<!-- \/ Yoast SEO plugin. -->","yoast_head_json":{"title":"Charte de gestion des cookies - MV DIGITAL","robots":{"index":"index","follow":"follow","max-snippet":"max-snippet:-1","max-image-preview":"max-image-preview:large","max-video-preview":"max-video-preview:-1"},"canonical":"https:\/\/mv-digital-consulting.com\/en\/charte-de-gestion-des-cookies\/","og_locale":"en_GB","og_type":"article","og_title":"Charte de gestion des cookies - MV DIGITAL","og_description":"Pour am\u00e9liorer votre navigation sur notre site, nous utilisons des cookies dits \u00ab techniques \u00bb et \u00ab fonctionnels \u00bb d\u00e9pos\u00e9s [&hellip;]","og_url":"https:\/\/mv-digital-consulting.com\/en\/charte-de-gestion-des-cookies\/","og_site_name":"MV DIGITAL","article_publisher":"https:\/\/www.facebook.com\/mvdigitalconsultingmonaco","article_modified_time":"2022-06-29T08:54:04+00:00","twitter_card":"summary_large_image","twitter_misc":{"Estimated reading time":"8 minutes"},"schema":{"@context":"https:\/\/schema.org","@graph":[{"@type":"WebPage","@id":"https:\/\/mv-digital-consulting.com\/charte-de-gestion-des-cookies\/","url":"https:\/\/mv-digital-consulting.com\/charte-de-gestion-des-cookies\/","name":"Charte de gestion des cookies - MV DIGITAL","isPartOf":{"@id":"https:\/\/mv-digital-consulting.com\/#website"},"datePublished":"2022-06-29T08:47:08+00:00","dateModified":"2022-06-29T08:54:04+00:00","breadcrumb":{"@id":"https:\/\/mv-digital-consulting.com\/charte-de-gestion-des-cookies\/#breadcrumb"},"inLanguage":"en-GB","potentialAction":[{"@type":"ReadAction","target":["https:\/\/mv-digital-consulting.com\/charte-de-gestion-des-cookies\/"]}]},{"@type":"BreadcrumbList","@id":"https:\/\/mv-digital-consulting.com\/charte-de-gestion-des-cookies\/#breadcrumb","itemListElement":[{"@type":"ListItem","position":1,"name":"Accueil","item":"https:\/\/mv-digital-consulting.com\/"},{"@type":"ListItem","position":2,"name":"Charte de gestion des cookies"}]},{"@type":"WebSite","@id":"https:\/\/mv-digital-consulting.com\/#website","url":"https:\/\/mv-digital-consulting.com\/","name":"MV DIGITAL","description":"Expert du Num\u00e9rique \u00e0 Monaco | ESN","publisher":{"@id":"https:\/\/mv-digital-consulting.com\/#organization"},"potentialAction":[{"@type":"SearchAction","target":{"@type":"EntryPoint","urlTemplate":"https:\/\/mv-digital-consulting.com\/?s={search_term_string}"},"query-input":{"@type":"PropertyValueSpecification","valueRequired":true,"valueName":"search_term_string"}}],"inLanguage":"en-GB"},{"@type":"Organization","@id":"https:\/\/mv-digital-consulting.com\/#organization","name":"SARL MV DIGITAL","url":"https:\/\/mv-digital-consulting.com\/","logo":{"@type":"ImageObject","inLanguage":"en-GB","@id":"https:\/\/mv-digital-consulting.com\/#\/schema\/logo\/image\/","url":"https:\/\/mv-digital-consulting.com\/wp-content\/uploads\/2022\/05\/Logo_Black.svg","contentUrl":"https:\/\/mv-digital-consulting.com\/wp-content\/uploads\/2022\/05\/Logo_Black.svg","width":1,"height":1,"caption":"SARL MV DIGITAL"},"image":{"@id":"https:\/\/mv-digital-consulting.com\/#\/schema\/logo\/image\/"},"sameAs":["https:\/\/www.facebook.com\/mvdigitalconsultingmonaco"]}]}},"_links":{"self":[{"href":"https:\/\/mv-digital-consulting.com\/en\/wp-json\/wp\/v2\/pages\/111138","targetHints":{"allow":["GET"]}}],"collection":[{"href":"https:\/\/mv-digital-consulting.com\/en\/wp-json\/wp\/v2\/pages"}],"about":[{"href":"https:\/\/mv-digital-consulting.com\/en\/wp-json\/wp\/v2\/types\/page"}],"author":[{"embeddable":true,"href":"https:\/\/mv-digital-consulting.com\/en\/wp-json\/wp\/v2\/users\/1"}],"replies":[{"embeddable":true,"href":"https:\/\/mv-digital-consulting.com\/en\/wp-json\/wp\/v2\/comments?post=111138"}],"version-history":[{"count":2,"href":"https:\/\/mv-digital-consulting.com\/en\/wp-json\/wp\/v2\/pages\/111138\/revisions"}],"predecessor-version":[{"id":111143,"href":"https:\/\/mv-digital-consulting.com\/en\/wp-json\/wp\/v2\/pages\/111138\/revisions\/111143"}],"wp:attachment":[{"href":"https:\/\/mv-digital-consulting.com\/en\/wp-json\/wp\/v2\/media?parent=111138"}],"curies":[{"name":"wp","href":"https:\/\/api.w.org\/{rel}","templated":true}]}}