{"id":2,"date":"2022-05-18T15:25:07","date_gmt":"2022-05-18T15:25:07","guid":{"rendered":"http:\/\/dev.mv-digital-consulting.com\/?page_id=2"},"modified":"2026-01-12T12:30:57","modified_gmt":"2026-01-12T12:30:57","slug":"recrutement","status":"publish","type":"page","link":"https:\/\/mv-digital-consulting.com\/en\/recrutement\/","title":{"rendered":"Offres d&#8217;emplois"},"content":{"rendered":"<div class=\"wpb-content-wrapper\"><div data-parent=\"true\" class=\"vc_row has-bg need-focus style-back_color-306552-bg vc_custom_1653572950977 border-color-gyho-color row-container\" style=\"border-style: solid;border-bottom-width: 1px ;\" id=\"row-unique-0\"><div class=\"row col-double-gutter quad-top-padding quad-bottom-padding double-h-padding full-width row-parent\"><div class=\"wpb_row row-inner\"><div class=\"wpb_column pos-top pos-center align_center column_parent col-lg-12 single-internal-gutter\"><div class=\"uncol style-light sticky-element sticky-sidebar\"  ><div class=\"uncoltable\"><div class=\"uncell no-block-padding\" ><div class=\"uncont\" ><div id=\"index-1\" class=\"isotope-system isotope-general-light grid-general-light\" >\n\t\t\t\n\t\t\t\t\t\t\t\t\t\t\t\t\t\t<div class=\"isotope-wrapper grid-wrapper single-gutter\" >\t\t\t\t\t\t\t\t\t\t\t\t<div class=\"isotope-container grid-container isotope-layout style-masonry isotope-infinite grid-infinite isotope-infinite-button grid-infinite-button\" data-type=\"masonry\" data-layout=\"masonry\" data-lg=\"1200\" data-md=\"1000\" data-sm=\"480\" data-vp-height=\"\">\t\t\t<div class=\"tmb atc-typography-inherit tmb-iso-w3 tmb-iso-h4 tmb-round tmb-light tmb-overlay-text-anim tmb-overlay-anim tmb-content-left tmb-content-mobile-center tmb-image-color-anim tmb-image-anim  grid-cat-146 tmb-id-111277 tmb-only-text tmb-content-under\" ><div class=\"t-inside style-color-xsdn-bg animate_when_almost_visible bottom-t-top\" data-delay=\"200\"><div class=\"t-entry-text\">\n\t\t\t\t\t\t\t\t\t<div class=\"t-entry-text-tc double-block-padding\"><div class=\"t-entry\"><h3 class=\"t-entry-title h3 title-scale\"><a href=\"https:\/\/mv-digital-consulting.com\/en\/jobs\/referent-applicatif-sibc-h-f\/\" target=\"_self\">R\u00e9f\u00e9rent Applicatif SIBC (H\/F)<\/a><\/h3><hr \/><p class=\"t-entry-meta\"><span class=\"t-entry-category t-entry-category-146\"><a href=\"https:\/\/mv-digital-consulting.com\/en\/jobs_cat\/monaco\/\">Monaco<\/a><\/span><\/p><\/div><\/div>\n\t\t\t\t\t\t\t<\/div><\/div><\/div><div class=\"tmb atc-typography-inherit tmb-iso-w3 tmb-iso-h4 tmb-round tmb-light tmb-overlay-text-anim tmb-overlay-anim tmb-content-left tmb-content-mobile-center tmb-image-color-anim tmb-image-anim  grid-cat-146 tmb-id-111271 tmb-only-text tmb-content-under\" ><div class=\"t-inside style-color-xsdn-bg animate_when_almost_visible bottom-t-top\" data-delay=\"200\"><div class=\"t-entry-text\">\n\t\t\t\t\t\t\t\t\t<div class=\"t-entry-text-tc double-block-padding\"><div class=\"t-entry\"><h3 class=\"t-entry-title h3 title-scale\"><a href=\"https:\/\/mv-digital-consulting.com\/en\/jobs\/referent-applicatif-sirh-h-f\/\" target=\"_self\">R\u00e9f\u00e9rent Applicatif SIRH (H\/F)<\/a><\/h3><hr \/><p class=\"t-entry-meta\"><span class=\"t-entry-category t-entry-category-146\"><a href=\"https:\/\/mv-digital-consulting.com\/en\/jobs_cat\/monaco\/\">Monaco<\/a><\/span><\/p><\/div><\/div>\n\t\t\t\t\t\t\t<\/div><\/div><\/div><div class=\"tmb atc-typography-inherit tmb-iso-w3 tmb-iso-h4 tmb-round tmb-light tmb-overlay-text-anim tmb-overlay-anim tmb-content-left tmb-content-mobile-center tmb-image-color-anim tmb-image-anim  grid-cat-146 tmb-id-111260 tmb-only-text tmb-content-under\" ><div class=\"t-inside style-color-xsdn-bg animate_when_almost_visible bottom-t-top\" data-delay=\"200\"><div class=\"t-entry-text\">\n\t\t\t\t\t\t\t\t\t<div class=\"t-entry-text-tc double-block-padding\"><div class=\"t-entry\"><h3 class=\"t-entry-title h3 title-scale\"><a href=\"https:\/\/mv-digital-consulting.com\/en\/jobs\/administrateur-systemes-devops\/\" target=\"_self\">Administrateur Syst\u00e8mes DEVOPS (H\/F)<\/a><\/h3><hr \/><p class=\"t-entry-meta\"><span class=\"t-entry-category t-entry-category-146\"><a href=\"https:\/\/mv-digital-consulting.com\/en\/jobs_cat\/monaco\/\">Monaco<\/a><\/span><\/p><\/div><\/div>\n\t\t\t\t\t\t\t<\/div><\/div><\/div><div class=\"tmb atc-typography-inherit tmb-iso-w3 tmb-iso-h4 tmb-round tmb-light tmb-overlay-text-anim tmb-overlay-anim tmb-content-left tmb-content-mobile-center tmb-image-color-anim tmb-image-anim  grid-cat-146 tmb-id-111205 tmb-only-text tmb-content-under\" ><div class=\"t-inside style-color-xsdn-bg animate_when_almost_visible bottom-t-top\" data-delay=\"200\"><div class=\"t-entry-text\">\n\t\t\t\t\t\t\t\t\t<div class=\"t-entry-text-tc double-block-padding\"><div class=\"t-entry\"><h3 class=\"t-entry-title h3 title-scale\"><a href=\"https:\/\/mv-digital-consulting.com\/en\/jobs\/ingenieur-securite-reseaux-h-f\/\" target=\"_self\">Ing\u00e9nieur S\u00e9curit\u00e9 &#038; R\u00e9seaux (H\/F)<\/a><\/h3><hr \/><p class=\"t-entry-meta\"><span class=\"t-entry-category t-entry-category-146\"><a href=\"https:\/\/mv-digital-consulting.com\/en\/jobs_cat\/monaco\/\">Monaco<\/a><\/span><\/p><\/div><\/div>\n\t\t\t\t\t\t\t<\/div><\/div><\/div><div class=\"tmb atc-typography-inherit tmb-iso-w3 tmb-iso-h4 tmb-round tmb-light tmb-overlay-text-anim tmb-overlay-anim tmb-content-left tmb-content-mobile-center tmb-image-color-anim tmb-image-anim  grid-cat-146 tmb-id-111160 tmb-only-text tmb-content-under\" ><div class=\"t-inside style-color-xsdn-bg animate_when_almost_visible bottom-t-top\" data-delay=\"200\"><div class=\"t-entry-text\">\n\t\t\t\t\t\t\t\t\t<div class=\"t-entry-text-tc double-block-padding\"><div class=\"t-entry\"><h3 class=\"t-entry-title h3 title-scale\"><a href=\"https:\/\/mv-digital-consulting.com\/en\/jobs\/chef-de-projet-technique-transition-manager-h-f\/\" target=\"_self\">Chef de Projet Technique &#8211; Transition Manager (H\/F)<\/a><\/h3><hr \/><p class=\"t-entry-meta\"><span class=\"t-entry-category t-entry-category-146\"><a href=\"https:\/\/mv-digital-consulting.com\/en\/jobs_cat\/monaco\/\">Monaco<\/a><\/span><\/p><\/div><\/div>\n\t\t\t\t\t\t\t<\/div><\/div><\/div><div class=\"tmb atc-typography-inherit tmb-iso-w3 tmb-iso-h4 tmb-round tmb-light tmb-overlay-text-anim tmb-overlay-anim tmb-content-left tmb-content-mobile-center tmb-image-color-anim tmb-image-anim  grid-cat-146 tmb-id-111156 tmb-only-text tmb-content-under\" ><div class=\"t-inside style-color-xsdn-bg animate_when_almost_visible bottom-t-top\" data-delay=\"200\"><div class=\"t-entry-text\">\n\t\t\t\t\t\t\t\t\t<div class=\"t-entry-text-tc double-block-padding\"><div class=\"t-entry\"><h3 class=\"t-entry-title h3 title-scale\"><a href=\"https:\/\/mv-digital-consulting.com\/en\/jobs\/ingenieur-systemes-reseaux-h-f\/\" target=\"_self\">Ing\u00e9nieur Syst\u00e8mes &#038; R\u00e9seaux (H\/F)<\/a><\/h3><hr \/><p class=\"t-entry-meta\"><span class=\"t-entry-category t-entry-category-146\"><a href=\"https:\/\/mv-digital-consulting.com\/en\/jobs_cat\/monaco\/\">Monaco<\/a><\/span><\/p><\/div><\/div>\n\t\t\t\t\t\t\t<\/div><\/div><\/div><div class=\"tmb atc-typography-inherit tmb-iso-w3 tmb-iso-h4 tmb-round tmb-light tmb-overlay-text-anim tmb-overlay-anim tmb-content-left tmb-content-mobile-center tmb-image-color-anim tmb-image-anim  grid-cat-146 tmb-id-111109 tmb-only-text tmb-content-under\" ><div class=\"t-inside style-color-xsdn-bg animate_when_almost_visible bottom-t-top\" data-delay=\"200\"><div class=\"t-entry-text\">\n\t\t\t\t\t\t\t\t\t<div class=\"t-entry-text-tc double-block-padding\"><div class=\"t-entry\"><h3 class=\"t-entry-title h3 title-scale\"><a href=\"https:\/\/mv-digital-consulting.com\/en\/jobs\/administrateur-linux-senior-h-f\/\" target=\"_self\">Administrateur Linux Senior (H\/F)<\/a><\/h3><hr \/><p class=\"t-entry-meta\"><span class=\"t-entry-category t-entry-category-146\"><a href=\"https:\/\/mv-digital-consulting.com\/en\/jobs_cat\/monaco\/\">Monaco<\/a><\/span><\/p><\/div><\/div>\n\t\t\t\t\t\t\t<\/div><\/div><\/div>\t\t<\/div>\t\n\t\n\n\t<\/div>\t\t\t<div class=\"isotope-footer grid-footer style-light without-bg single-gutter\">\n\t\t\t\t\t<\/div>\n\t\t\t\t<\/div>\n<\/div><\/div><\/div><\/div><\/div><script id=\"script-row-unique-0\" data-row=\"script-row-unique-0\" type=\"text\/javascript\" class=\"vc_controls\">UNCODE.initRow(document.getElementById(\"row-unique-0\"));<\/script><\/div><\/div><\/div><div data-parent=\"true\" class=\"vc_row has-bg need-focus style-color-wayh-bg row-container\" id=\"row-unique-1\"><div class=\"row-background background-element\">\n\t\t\t\t\t\t\t\t\t\t\t<div class=\"background-wrapper\">\n\t\t\t\t\t\t\t\t\t\t\t\t<div class=\"background-inner\" style=\"background-image: url(https:\/\/mv-digital-consulting.com\/wp-content\/uploads\/2022\/05\/MVD_2-scaled.jpg);background-repeat: no-repeat;background-position: center center;background-attachment: scroll;background-size: cover;\"><\/div>\n\t\t\t\t\t\t\t\t\t\t\t\t<div class=\"block-bg-overlay style-accent-bg\" style=\"opacity: 0.8;\"><\/div>\n\t\t\t\t\t\t\t\t\t\t\t<\/div>\n\t\t\t\t\t\t\t\t\t\t<\/div><div class=\"row quad-top-padding quad-bottom-padding single-h-padding limit-width row-parent\" data-height-ratio=\"50\" style=\"max-width:804px; margin-left:auto; margin-right:auto;\"><div class=\"wpb_row row-inner\"><div class=\"wpb_column pos-top pos-center align_center column_parent col-lg-12 single-internal-gutter\"><div class=\"uncol style-spec style-dark\"  ><div class=\"uncoltable\"><div class=\"uncell no-block-padding\" ><div class=\"uncont\" ><div class=\"vc_row row-internal row-container\"><div class=\"row row-child\"><div class=\"wpb_row row-inner\"><div class=\"wpb_column pos-top pos-center align_center column_child col-lg-12 half-internal-gutter\"><div class=\"uncol style-spec style-dark\" ><div class=\"uncoltable\"><div class=\"uncell no-block-padding\" ><div class=\"uncont\" style=\" max-width:600px;\" ><div class=\"vc_custom_heading_wrap\"><div class=\"heading-text el-text\" ><h3 class=\"h2\" ><span>Votre int\u00e9gration est essentielle dans la r\u00e9ussite de votre carri\u00e8re chez MV Digital<\/span><\/h3><\/div><div class=\"clear\"><\/div><\/div><div class=\"uncode_text_column text-lead\" ><p>Contactez-nous d\u00e8s maintenant. Nos \u00e9quipes reviendront prochainement vers vous pour un entretien.<\/p>\n<\/div><\/div><\/div><\/div><\/div><\/div><\/div><\/div><\/div><div class=\"vc_row row-internal row-container\"><div class=\"row row-child\"><div class=\"wpb_row row-inner\"><div class=\"wpb_column pos-top pos-center align_center column_child col-lg-12 single-internal-gutter\"><div class=\"uncol style-spec style-dark\" ><div class=\"uncoltable\"><div class=\"uncell no-block-padding\" ><div class=\"uncont\" style=\" max-width:900px;\" >\n<div class=\"wpcf7 no-js\" id=\"wpcf7-f111360-o1\" lang=\"fr-FR\" dir=\"ltr\" data-wpcf7-id=\"111360\">\n<div class=\"screen-reader-response\"><p role=\"status\" aria-live=\"polite\" aria-atomic=\"true\"><\/p> <ul><\/ul><\/div>\n<form action=\"\/en\/wp-json\/wp\/v2\/pages\/2#wpcf7-f111360-o1\" method=\"post\" class=\"wpcf7-form init\" aria-label=\"Formulaire de contact\" novalidate=\"novalidate\" data-status=\"init\" data-trp-original-action=\"\/en\/wp-json\/wp\/v2\/pages\/2#wpcf7-f111360-o1\">\n<fieldset class=\"hidden-fields-container\"><input type=\"hidden\" name=\"_wpcf7\" value=\"111360\" \/><input type=\"hidden\" name=\"_wpcf7_version\" value=\"6.1.5\" \/><input type=\"hidden\" name=\"_wpcf7_locale\" value=\"fr_FR\" \/><input type=\"hidden\" name=\"_wpcf7_unit_tag\" value=\"wpcf7-f111360-o1\" \/><input type=\"hidden\" name=\"_wpcf7_container_post\" value=\"0\" \/><input type=\"hidden\" name=\"_wpcf7_posted_data_hash\" value=\"\" \/><input type=\"hidden\" name=\"_wpcf7_recaptcha_response\" value=\"\" \/>\n<\/fieldset>\n<div class=\"wpcf7-inline-wrapper\">\n\t<p class=\"wpcf7-inline-field\"><span class=\"wpcf7-form-control-wrap\" data-name=\"prenom\"><input size=\"40\" maxlength=\"400\" class=\"wpcf7-form-control wpcf7-text wpcf7-validates-as-required\" aria-required=\"true\" aria-invalid=\"false\" placeholder=\"Pr\u00e9nom *\" value=\"\" type=\"text\" name=\"prenom\" \/><\/span>\n\t<\/p>\n\t<p class=\"wpcf7-inline-field\"><span class=\"wpcf7-form-control-wrap\" data-name=\"nom\"><input size=\"40\" maxlength=\"400\" class=\"wpcf7-form-control wpcf7-text wpcf7-validates-as-required\" aria-required=\"true\" aria-invalid=\"false\" placeholder=\"Nom *\" value=\"\" type=\"text\" name=\"nom\" \/><\/span>\n\t<\/p>\n<\/div>\n<div class=\"wpcf7-inline-wrapper\">\n\t<p class=\"wpcf7-inline-field\"><span class=\"wpcf7-form-control-wrap\" data-name=\"your-email\"><input size=\"40\" maxlength=\"400\" class=\"wpcf7-form-control wpcf7-text wpcf7-validates-as-required\" aria-required=\"true\" aria-invalid=\"false\" placeholder=\"Email *\" value=\"\" type=\"text\" name=\"your-email\" \/><\/span>\n\t<\/p>\n\t<p class=\"wpcf7-inline-field\"><span class=\"wpcf7-form-control-wrap\" data-name=\"tel-406\"><input size=\"40\" maxlength=\"400\" class=\"wpcf7-form-control wpcf7-tel wpcf7-validates-as-required wpcf7-text wpcf7-validates-as-tel\" aria-required=\"true\" aria-invalid=\"false\" placeholder=\"Tel *\" value=\"\" type=\"tel\" name=\"tel-406\" \/><\/span>\n\t<\/p>\n<\/div>\n<p><input class=\"wpcf7-form-control wpcf7-submit has-spinner btn btn-white btn-flat btn-shadow-sm\" type=\"submit\" value=\"Envoyer\" \/>\n<\/p><input type='hidden' class='wpcf7-pum' value='{\"closepopup\":false,\"closedelay\":0,\"openpopup\":false,\"openpopup_id\":0}' \/><div class=\"wpcf7-response-output\" aria-hidden=\"true\"><\/div>\n<input type=\"hidden\" name=\"trp-form-language\" value=\"en\"\/><\/form>\n<\/div>\n<\/div><\/div><\/div><\/div><\/div><\/div><\/div><\/div><\/div><\/div><\/div><\/div><\/div><script id=\"script-row-unique-1\" data-row=\"script-row-unique-1\" type=\"text\/javascript\" class=\"vc_controls\">UNCODE.initRow(document.getElementById(\"row-unique-1\"));<\/script><\/div><\/div><\/div>\n<\/div>","protected":false},"excerpt":{"rendered":"Administrateur Linux Senior (H\/F) \u2013 50k\u20acMonaco (98)Mission Nous recherchons un Administrateur Linux Senior pour int\u00e9grer la DSI d\u2019une organisation gouvernementale. [...]","protected":false},"author":1,"featured_media":0,"parent":0,"menu_order":0,"comment_status":"closed","ping_status":"open","template":"","meta":{"_exactmetrics_skip_tracking":false,"_exactmetrics_sitenote_active":false,"_exactmetrics_sitenote_note":"","_exactmetrics_sitenote_category":0,"footnotes":""},"class_list":["post-2","page","type-page","status-publish","hentry"],"yoast_head":"<!-- This site is optimized with the Yoast SEO plugin v27.3 - https:\/\/yoast.com\/product\/yoast-seo-wordpress\/ -->\n<title>Offres d&#039;emplois - MV DIGITAL<\/title>\n<meta name=\"description\" content=\"Acc\u00e9dez \u00e0 nos opportunit\u00e9s d&#039;emplois en Principaut\u00e9 de Monaco. Contactez-nous, nos \u00e9quipes reviendront vers vous pour un entretien.\" \/>\n<meta name=\"robots\" content=\"index, follow, max-snippet:-1, max-image-preview:large, max-video-preview:-1\" \/>\n<link rel=\"canonical\" href=\"https:\/\/mv-digital-consulting.com\/en\/recrutement\/\" \/>\n<meta property=\"og:locale\" content=\"en_GB\" \/>\n<meta property=\"og:type\" content=\"article\" \/>\n<meta property=\"og:title\" content=\"Offres d&#039;emplois - MV DIGITAL\" \/>\n<meta property=\"og:description\" content=\"Acc\u00e9dez \u00e0 nos opportunit\u00e9s d&#039;emplois en Principaut\u00e9 de Monaco. Contactez-nous, nos \u00e9quipes reviendront vers vous pour un entretien.\" \/>\n<meta property=\"og:url\" content=\"https:\/\/mv-digital-consulting.com\/en\/recrutement\/\" \/>\n<meta property=\"og:site_name\" content=\"MV DIGITAL\" \/>\n<meta property=\"article:publisher\" content=\"https:\/\/www.facebook.com\/mvdigitalconsultingmonaco\" \/>\n<meta property=\"article:modified_time\" content=\"2026-01-12T12:30:57+00:00\" \/>\n<meta name=\"twitter:card\" content=\"summary_large_image\" \/>\n<meta name=\"twitter:label1\" content=\"Estimated reading time\" \/>\n\t<meta name=\"twitter:data1\" content=\"1 minute\" \/>\n<script type=\"application\/ld+json\" class=\"yoast-schema-graph\">{\"@context\":\"https:\\\/\\\/schema.org\",\"@graph\":[{\"@type\":\"WebPage\",\"@id\":\"https:\\\/\\\/mv-digital-consulting.com\\\/recrutement\\\/\",\"url\":\"https:\\\/\\\/mv-digital-consulting.com\\\/recrutement\\\/\",\"name\":\"Offres d'emplois - MV DIGITAL\",\"isPartOf\":{\"@id\":\"https:\\\/\\\/mv-digital-consulting.com\\\/#website\"},\"datePublished\":\"2022-05-18T15:25:07+00:00\",\"dateModified\":\"2026-01-12T12:30:57+00:00\",\"description\":\"Acc\u00e9dez \u00e0 nos opportunit\u00e9s d'emplois en Principaut\u00e9 de Monaco. Contactez-nous, nos \u00e9quipes reviendront vers vous pour un entretien.\",\"breadcrumb\":{\"@id\":\"https:\\\/\\\/mv-digital-consulting.com\\\/recrutement\\\/#breadcrumb\"},\"inLanguage\":\"en-GB\",\"potentialAction\":[{\"@type\":\"ReadAction\",\"target\":[\"https:\\\/\\\/mv-digital-consulting.com\\\/recrutement\\\/\"]}]},{\"@type\":\"BreadcrumbList\",\"@id\":\"https:\\\/\\\/mv-digital-consulting.com\\\/recrutement\\\/#breadcrumb\",\"itemListElement\":[{\"@type\":\"ListItem\",\"position\":1,\"name\":\"Accueil\",\"item\":\"https:\\\/\\\/mv-digital-consulting.com\\\/\"},{\"@type\":\"ListItem\",\"position\":2,\"name\":\"Offres d&#8217;emplois\"}]},{\"@type\":\"WebSite\",\"@id\":\"https:\\\/\\\/mv-digital-consulting.com\\\/#website\",\"url\":\"https:\\\/\\\/mv-digital-consulting.com\\\/\",\"name\":\"MV DIGITAL\",\"description\":\"Expert du Num\u00e9rique \u00e0 Monaco | ESN\",\"publisher\":{\"@id\":\"https:\\\/\\\/mv-digital-consulting.com\\\/#organization\"},\"potentialAction\":[{\"@type\":\"SearchAction\",\"target\":{\"@type\":\"EntryPoint\",\"urlTemplate\":\"https:\\\/\\\/mv-digital-consulting.com\\\/?s={search_term_string}\"},\"query-input\":{\"@type\":\"PropertyValueSpecification\",\"valueRequired\":true,\"valueName\":\"search_term_string\"}}],\"inLanguage\":\"en-GB\"},{\"@type\":\"Organization\",\"@id\":\"https:\\\/\\\/mv-digital-consulting.com\\\/#organization\",\"name\":\"SARL MV DIGITAL\",\"url\":\"https:\\\/\\\/mv-digital-consulting.com\\\/\",\"logo\":{\"@type\":\"ImageObject\",\"inLanguage\":\"en-GB\",\"@id\":\"https:\\\/\\\/mv-digital-consulting.com\\\/#\\\/schema\\\/logo\\\/image\\\/\",\"url\":\"https:\\\/\\\/mv-digital-consulting.com\\\/wp-content\\\/uploads\\\/2022\\\/05\\\/Logo_Black.svg\",\"contentUrl\":\"https:\\\/\\\/mv-digital-consulting.com\\\/wp-content\\\/uploads\\\/2022\\\/05\\\/Logo_Black.svg\",\"width\":1,\"height\":1,\"caption\":\"SARL MV DIGITAL\"},\"image\":{\"@id\":\"https:\\\/\\\/mv-digital-consulting.com\\\/#\\\/schema\\\/logo\\\/image\\\/\"},\"sameAs\":[\"https:\\\/\\\/www.facebook.com\\\/mvdigitalconsultingmonaco\"]}]}<\/script>\n<!-- \/ Yoast SEO plugin. -->","yoast_head_json":{"title":"Offres d'emplois - MV DIGITAL","description":"Acc\u00e9dez \u00e0 nos opportunit\u00e9s d'emplois en Principaut\u00e9 de Monaco. Contactez-nous, nos \u00e9quipes reviendront vers vous pour un entretien.","robots":{"index":"index","follow":"follow","max-snippet":"max-snippet:-1","max-image-preview":"max-image-preview:large","max-video-preview":"max-video-preview:-1"},"canonical":"https:\/\/mv-digital-consulting.com\/en\/recrutement\/","og_locale":"en_GB","og_type":"article","og_title":"Offres d'emplois - MV DIGITAL","og_description":"Acc\u00e9dez \u00e0 nos opportunit\u00e9s d'emplois en Principaut\u00e9 de Monaco. Contactez-nous, nos \u00e9quipes reviendront vers vous pour un entretien.","og_url":"https:\/\/mv-digital-consulting.com\/en\/recrutement\/","og_site_name":"MV DIGITAL","article_publisher":"https:\/\/www.facebook.com\/mvdigitalconsultingmonaco","article_modified_time":"2026-01-12T12:30:57+00:00","twitter_card":"summary_large_image","twitter_misc":{"Estimated reading time":"1 minute"},"schema":{"@context":"https:\/\/schema.org","@graph":[{"@type":"WebPage","@id":"https:\/\/mv-digital-consulting.com\/recrutement\/","url":"https:\/\/mv-digital-consulting.com\/recrutement\/","name":"Offres d'emplois - MV DIGITAL","isPartOf":{"@id":"https:\/\/mv-digital-consulting.com\/#website"},"datePublished":"2022-05-18T15:25:07+00:00","dateModified":"2026-01-12T12:30:57+00:00","description":"Acc\u00e9dez \u00e0 nos opportunit\u00e9s d'emplois en Principaut\u00e9 de Monaco. Contactez-nous, nos \u00e9quipes reviendront vers vous pour un entretien.","breadcrumb":{"@id":"https:\/\/mv-digital-consulting.com\/recrutement\/#breadcrumb"},"inLanguage":"en-GB","potentialAction":[{"@type":"ReadAction","target":["https:\/\/mv-digital-consulting.com\/recrutement\/"]}]},{"@type":"BreadcrumbList","@id":"https:\/\/mv-digital-consulting.com\/recrutement\/#breadcrumb","itemListElement":[{"@type":"ListItem","position":1,"name":"Accueil","item":"https:\/\/mv-digital-consulting.com\/"},{"@type":"ListItem","position":2,"name":"Offres d&#8217;emplois"}]},{"@type":"WebSite","@id":"https:\/\/mv-digital-consulting.com\/#website","url":"https:\/\/mv-digital-consulting.com\/","name":"MV DIGITAL","description":"Expert du Num\u00e9rique \u00e0 Monaco | ESN","publisher":{"@id":"https:\/\/mv-digital-consulting.com\/#organization"},"potentialAction":[{"@type":"SearchAction","target":{"@type":"EntryPoint","urlTemplate":"https:\/\/mv-digital-consulting.com\/?s={search_term_string}"},"query-input":{"@type":"PropertyValueSpecification","valueRequired":true,"valueName":"search_term_string"}}],"inLanguage":"en-GB"},{"@type":"Organization","@id":"https:\/\/mv-digital-consulting.com\/#organization","name":"SARL MV DIGITAL","url":"https:\/\/mv-digital-consulting.com\/","logo":{"@type":"ImageObject","inLanguage":"en-GB","@id":"https:\/\/mv-digital-consulting.com\/#\/schema\/logo\/image\/","url":"https:\/\/mv-digital-consulting.com\/wp-content\/uploads\/2022\/05\/Logo_Black.svg","contentUrl":"https:\/\/mv-digital-consulting.com\/wp-content\/uploads\/2022\/05\/Logo_Black.svg","width":1,"height":1,"caption":"SARL MV DIGITAL"},"image":{"@id":"https:\/\/mv-digital-consulting.com\/#\/schema\/logo\/image\/"},"sameAs":["https:\/\/www.facebook.com\/mvdigitalconsultingmonaco"]}]}},"_links":{"self":[{"href":"https:\/\/mv-digital-consulting.com\/en\/wp-json\/wp\/v2\/pages\/2","targetHints":{"allow":["GET"]}}],"collection":[{"href":"https:\/\/mv-digital-consulting.com\/en\/wp-json\/wp\/v2\/pages"}],"about":[{"href":"https:\/\/mv-digital-consulting.com\/en\/wp-json\/wp\/v2\/types\/page"}],"author":[{"embeddable":true,"href":"https:\/\/mv-digital-consulting.com\/en\/wp-json\/wp\/v2\/users\/1"}],"replies":[{"embeddable":true,"href":"https:\/\/mv-digital-consulting.com\/en\/wp-json\/wp\/v2\/comments?post=2"}],"version-history":[{"count":5,"href":"https:\/\/mv-digital-consulting.com\/en\/wp-json\/wp\/v2\/pages\/2\/revisions"}],"predecessor-version":[{"id":111465,"href":"https:\/\/mv-digital-consulting.com\/en\/wp-json\/wp\/v2\/pages\/2\/revisions\/111465"}],"wp:attachment":[{"href":"https:\/\/mv-digital-consulting.com\/en\/wp-json\/wp\/v2\/media?parent=2"}],"curies":[{"name":"wp","href":"https:\/\/api.w.org\/{rel}","templated":true}]}}